{"id":3472,"date":"2021-06-20T17:29:53","date_gmt":"2021-06-20T17:29:53","guid":{"rendered":"https:\/\/www.xn--frauenrztinmnchen-vqb67b.de\/kontakt-frauenarzt-muechen-zentrum\/"},"modified":"2025-09-16T19:22:36","modified_gmt":"2025-09-16T19:22:36","slug":"contact-gynaecologist-munich-center","status":"publish","type":"page","link":"https:\/\/www.xn--frauenrztinmnchen-vqb67b.de\/en\/contact-gynaecologist-munich-center\/","title":{"rendered":"Contact"},"content":{"rendered":"\n<div class=\"wp-block-columns is-layout-flex wp-container-core-columns-is-layout-9d6595d7 wp-block-columns-is-layout-flex\">\n<div class=\"wp-block-column is-layout-flow wp-block-column-is-layout-flow\" style=\"flex-basis:33.33%\"><\/div>\n\n\n\n<div class=\"wp-block-column beige spacbeige is-layout-flow wp-block-column-is-layout-flow\" style=\"flex-basis:66.66%\">\n<div style=\"height:135px\" aria-hidden=\"true\" class=\"wp-block-spacer spacbeige\"><\/div>\n<\/div>\n<\/div>\n\n\n\n<div class=\"wp-block-columns is-layout-flex wp-container-core-columns-is-layout-9d6595d7 wp-block-columns-is-layout-flex\">\n<div class=\"wp-block-column is-layout-flow wp-block-column-is-layout-flow\">\n<div class=\"wp-block-columns spalt kont is-layout-flex wp-container-core-columns-is-layout-9d6595d7 wp-block-columns-is-layout-flex\">\n<div class=\"wp-block-column biltext gruen is-layout-flow wp-block-column-is-layout-flow\">\n<p><strong>DR. MED. GABRIELE ANKER, MPH<\/strong><br>Brienner Stra\u00dfe 11 | Luitpoldblock<br>80333 Munich | Subway Station Odeonsplatz<\/p>\n\n\n\n<p><strong>PARKING PLACES<\/strong> in the Salvatorgarage,<br>Jungfernturmstra\u00dfe<\/p>\n\n\n\n<p class=\"gruenfett\"><span class=\"gruenfett\"><a href=\"tel:+4989223531\">Phone: 089 \/ 22 35 31<\/a><\/span><br><span class=\"gruenfett\">Fax: 089 \/ 29 24 33<\/span><br>E-mail: <span class=\"gruenfett\"><a href=\"mailto:DrAnker@Gynmail.de\">DrAnker@Gynmail.de<\/a><\/span><br><span class=\"gruenfett\"><a href=\"https:\/\/www.xn--frauenrztinmnchen-vqb67b.de\/en\/\">www.frauen\u00e4rztinm\u00fcnchen.de<\/a><\/span><\/p>\n<\/div>\n\n\n\n<div class=\"wp-block-column beige is-layout-flow wp-block-column-is-layout-flow\">\n<figure class=\"wp-block-image size-full karte\"><img loading=\"lazy\" decoding=\"async\" width=\"1702\" height=\"1080\" src=\"https:\/\/www.xn--frauenrztinmnchen-vqb67b.de\/wp-content\/uploads\/2021\/08\/anfahrt-frauenarzt-muenchen-luitpoldblock.jpg\" alt=\"\" class=\"wp-image-2614\"\/><\/figure>\n<\/div>\n<\/div>\n<\/div>\n<\/div>\n\n\n\n<div class=\"wp-block-columns is-layout-flex wp-container-core-columns-is-layout-9d6595d7 wp-block-columns-is-layout-flex\">\n<div class=\"wp-block-column is-layout-flow wp-block-column-is-layout-flow\" style=\"flex-basis:33.33%\">\n<div class=\"wp-block-buttons siteup is-layout-flex wp-block-buttons-is-layout-flex\">\n<div class=\"wp-block-button mybut butrand drei\"><a class=\"wp-block-button__link wp-element-button\" href=\"\" target=\"_blank\" rel=\"noreferrer noopener\">Directions<\/a><\/div>\n<\/div>\n<\/div>\n\n\n\n<div class=\"wp-block-column beige spacbeige is-layout-flow wp-block-column-is-layout-flow\" style=\"flex-basis:66.66%\">\n<div style=\"height:105px\" aria-hidden=\"true\" class=\"wp-block-spacer spacbeige\"><\/div>\n<\/div>\n<\/div>\n\n\n\n<div style=\"height:56px\" aria-hidden=\"true\" class=\"wp-block-spacer spacbeige\"><\/div>\n","protected":false},"excerpt":{"rendered":"<p>DR. MED. GABRIELE ANKER, MPHBrienner Stra\u00dfe 11 | Luitpoldblock80333 Munich | Subway Station Odeonsplatz PARKING PLACES in the Salvatorgarage,Jungfernturmstra\u00dfe Phone: 089 \/ 22 35 31Fax: 089 \/ 29 24 33E-mail: DrAnker@Gynmail.dewww.frauen\u00e4rztinm\u00fcnchen.de<\/p>\n","protected":false},"author":1,"featured_media":0,"parent":0,"menu_order":0,"comment_status":"closed","ping_status":"closed","template":"templates\/template-impressionen.php","meta":{"_acf_changed":false,"footnotes":""},"class_list":["post-3472","page","type-page","status-publish","hentry","entry"],"acf":[],"featured_image_src":null,"yoast_head":"<!-- This site is optimized with the Yoast SEO plugin v27.3 - https:\/\/yoast.com\/product\/yoast-seo-wordpress\/ -->\n<title>Contact - Frauen\u00e4rztin M\u00fcnchen | Dr. Gabriele Anker<\/title>\n<meta name=\"robots\" content=\"index, follow, max-snippet:-1, max-image-preview:large, max-video-preview:-1\" \/>\n<link rel=\"canonical\" href=\"https:\/\/www.xn--frauenrztinmnchen-vqb67b.de\/en\/contact-gynaecologist-munich-center\/\" \/>\n<meta property=\"og:locale\" content=\"en_US\" \/>\n<meta property=\"og:type\" content=\"article\" \/>\n<meta property=\"og:title\" content=\"Contact - Frauen\u00e4rztin M\u00fcnchen | Dr. Gabriele Anker\" \/>\n<meta property=\"og:description\" content=\"DR. MED. GABRIELE ANKER, MPHBrienner Stra\u00dfe 11 | Luitpoldblock80333 Munich | Subway Station Odeonsplatz PARKING PLACES in the Salvatorgarage,Jungfernturmstra\u00dfe Phone: 089 \/ 22 35 31Fax: 089 \/ 29 24 33E-mail: DrAnker@Gynmail.dewww.frauen\u00e4rztinm\u00fcnchen.de\" \/>\n<meta property=\"og:url\" content=\"https:\/\/www.xn--frauenrztinmnchen-vqb67b.de\/en\/contact-gynaecologist-munich-center\/\" \/>\n<meta property=\"og:site_name\" content=\"Frauen\u00e4rztin M\u00fcnchen | Dr. Gabriele Anker\" \/>\n<meta property=\"article:modified_time\" content=\"2025-09-16T19:22:36+00:00\" \/>\n<meta property=\"og:image\" content=\"https:\/\/www.xn--frauenrztinmnchen-vqb67b.de\/wp-content\/uploads\/2021\/08\/anfahrt-frauenarzt-muenchen-luitpoldblock.jpg\" \/>\n\t<meta property=\"og:image:width\" content=\"1702\" \/>\n\t<meta property=\"og:image:height\" content=\"1080\" \/>\n\t<meta property=\"og:image:type\" content=\"image\/jpeg\" \/>\n<meta name=\"twitter:card\" content=\"summary_large_image\" \/>\n<meta name=\"twitter:label1\" content=\"Est. reading time\" \/>\n\t<meta name=\"twitter:data1\" content=\"1 minute\" \/>\n<script type=\"application\/ld+json\" class=\"yoast-schema-graph\">{\"@context\":\"https:\\\/\\\/schema.org\",\"@graph\":[{\"@type\":\"WebPage\",\"@id\":\"https:\\\/\\\/www.xn--frauenrztinmnchen-vqb67b.de\\\/en\\\/contact-gynaecologist-munich-center\\\/\",\"url\":\"https:\\\/\\\/www.xn--frauenrztinmnchen-vqb67b.de\\\/en\\\/contact-gynaecologist-munich-center\\\/\",\"name\":\"Contact - Frauen\u00e4rztin M\u00fcnchen | Dr. Gabriele Anker\",\"isPartOf\":{\"@id\":\"https:\\\/\\\/www.xn--frauenrztinmnchen-vqb67b.de\\\/en\\\/#website\"},\"primaryImageOfPage\":{\"@id\":\"https:\\\/\\\/www.xn--frauenrztinmnchen-vqb67b.de\\\/en\\\/contact-gynaecologist-munich-center\\\/#primaryimage\"},\"image\":{\"@id\":\"https:\\\/\\\/www.xn--frauenrztinmnchen-vqb67b.de\\\/en\\\/contact-gynaecologist-munich-center\\\/#primaryimage\"},\"thumbnailUrl\":\"https:\\\/\\\/www.xn--frauenrztinmnchen-vqb67b.de\\\/wp-content\\\/uploads\\\/2021\\\/08\\\/anfahrt-frauenarzt-muenchen-luitpoldblock.jpg\",\"datePublished\":\"2021-06-20T17:29:53+00:00\",\"dateModified\":\"2025-09-16T19:22:36+00:00\",\"inLanguage\":\"en-US\",\"potentialAction\":[{\"@type\":\"ReadAction\",\"target\":[\"https:\\\/\\\/www.xn--frauenrztinmnchen-vqb67b.de\\\/en\\\/contact-gynaecologist-munich-center\\\/\"]}]},{\"@type\":\"ImageObject\",\"inLanguage\":\"en-US\",\"@id\":\"https:\\\/\\\/www.xn--frauenrztinmnchen-vqb67b.de\\\/en\\\/contact-gynaecologist-munich-center\\\/#primaryimage\",\"url\":\"https:\\\/\\\/www.xn--frauenrztinmnchen-vqb67b.de\\\/wp-content\\\/uploads\\\/2021\\\/08\\\/anfahrt-frauenarzt-muenchen-luitpoldblock.jpg\",\"contentUrl\":\"https:\\\/\\\/www.xn--frauenrztinmnchen-vqb67b.de\\\/wp-content\\\/uploads\\\/2021\\\/08\\\/anfahrt-frauenarzt-muenchen-luitpoldblock.jpg\"},{\"@type\":\"WebSite\",\"@id\":\"https:\\\/\\\/www.xn--frauenrztinmnchen-vqb67b.de\\\/en\\\/#website\",\"url\":\"https:\\\/\\\/www.xn--frauenrztinmnchen-vqb67b.de\\\/en\\\/\",\"name\":\"Frauen\u00e4rztin M\u00fcnchen | Dr. Gabriele Anker\",\"description\":\"Gynecological practice in Munich\",\"publisher\":{\"@id\":\"https:\\\/\\\/www.xn--frauenrztinmnchen-vqb67b.de\\\/en\\\/#organization\"},\"potentialAction\":[{\"@type\":\"SearchAction\",\"target\":{\"@type\":\"EntryPoint\",\"urlTemplate\":\"https:\\\/\\\/www.xn--frauenrztinmnchen-vqb67b.de\\\/en\\\/?s={search_term_string}\"},\"query-input\":{\"@type\":\"PropertyValueSpecification\",\"valueRequired\":true,\"valueName\":\"search_term_string\"}}],\"inLanguage\":\"en-US\"},{\"@type\":\"Organization\",\"@id\":\"https:\\\/\\\/www.xn--frauenrztinmnchen-vqb67b.de\\\/en\\\/#organization\",\"name\":\"Frauen\u00e4rztin M\u00fcnchen | Dr. Gabriele Anker\",\"url\":\"https:\\\/\\\/www.xn--frauenrztinmnchen-vqb67b.de\\\/en\\\/\",\"logo\":{\"@type\":\"ImageObject\",\"inLanguage\":\"en-US\",\"@id\":\"https:\\\/\\\/www.xn--frauenrztinmnchen-vqb67b.de\\\/en\\\/#\\\/schema\\\/logo\\\/image\\\/\",\"url\":\"https:\\\/\\\/www.xn--frauenrztinmnchen-vqb67b.de\\\/wp-content\\\/uploads\\\/2021\\\/09\\\/Logo-Dr-Gabriele-Anker.jpg\",\"contentUrl\":\"https:\\\/\\\/www.xn--frauenrztinmnchen-vqb67b.de\\\/wp-content\\\/uploads\\\/2021\\\/09\\\/Logo-Dr-Gabriele-Anker.jpg\",\"width\":755,\"height\":296,\"caption\":\"Frauen\u00e4rztin M\u00fcnchen | Dr. Gabriele Anker\"},\"image\":{\"@id\":\"https:\\\/\\\/www.xn--frauenrztinmnchen-vqb67b.de\\\/en\\\/#\\\/schema\\\/logo\\\/image\\\/\"}}]}<\/script>\n<!-- \/ Yoast SEO plugin. -->","yoast_head_json":{"title":"Contact - Frauen\u00e4rztin M\u00fcnchen | Dr. Gabriele Anker","robots":{"index":"index","follow":"follow","max-snippet":"max-snippet:-1","max-image-preview":"max-image-preview:large","max-video-preview":"max-video-preview:-1"},"canonical":"https:\/\/www.xn--frauenrztinmnchen-vqb67b.de\/en\/contact-gynaecologist-munich-center\/","og_locale":"en_US","og_type":"article","og_title":"Contact - Frauen\u00e4rztin M\u00fcnchen | Dr. Gabriele Anker","og_description":"DR. MED. GABRIELE ANKER, MPHBrienner Stra\u00dfe 11 | Luitpoldblock80333 Munich | Subway Station Odeonsplatz PARKING PLACES in the Salvatorgarage,Jungfernturmstra\u00dfe Phone: 089 \/ 22 35 31Fax: 089 \/ 29 24 33E-mail: DrAnker@Gynmail.dewww.frauen\u00e4rztinm\u00fcnchen.de","og_url":"https:\/\/www.xn--frauenrztinmnchen-vqb67b.de\/en\/contact-gynaecologist-munich-center\/","og_site_name":"Frauen\u00e4rztin M\u00fcnchen | Dr. Gabriele Anker","article_modified_time":"2025-09-16T19:22:36+00:00","og_image":[{"width":1702,"height":1080,"url":"https:\/\/www.xn--frauenrztinmnchen-vqb67b.de\/wp-content\/uploads\/2021\/08\/anfahrt-frauenarzt-muenchen-luitpoldblock.jpg","type":"image\/jpeg"}],"twitter_card":"summary_large_image","twitter_misc":{"Est. reading time":"1 minute"},"schema":{"@context":"https:\/\/schema.org","@graph":[{"@type":"WebPage","@id":"https:\/\/www.xn--frauenrztinmnchen-vqb67b.de\/en\/contact-gynaecologist-munich-center\/","url":"https:\/\/www.xn--frauenrztinmnchen-vqb67b.de\/en\/contact-gynaecologist-munich-center\/","name":"Contact - Frauen\u00e4rztin M\u00fcnchen | Dr. Gabriele Anker","isPartOf":{"@id":"https:\/\/www.xn--frauenrztinmnchen-vqb67b.de\/en\/#website"},"primaryImageOfPage":{"@id":"https:\/\/www.xn--frauenrztinmnchen-vqb67b.de\/en\/contact-gynaecologist-munich-center\/#primaryimage"},"image":{"@id":"https:\/\/www.xn--frauenrztinmnchen-vqb67b.de\/en\/contact-gynaecologist-munich-center\/#primaryimage"},"thumbnailUrl":"https:\/\/www.xn--frauenrztinmnchen-vqb67b.de\/wp-content\/uploads\/2021\/08\/anfahrt-frauenarzt-muenchen-luitpoldblock.jpg","datePublished":"2021-06-20T17:29:53+00:00","dateModified":"2025-09-16T19:22:36+00:00","inLanguage":"en-US","potentialAction":[{"@type":"ReadAction","target":["https:\/\/www.xn--frauenrztinmnchen-vqb67b.de\/en\/contact-gynaecologist-munich-center\/"]}]},{"@type":"ImageObject","inLanguage":"en-US","@id":"https:\/\/www.xn--frauenrztinmnchen-vqb67b.de\/en\/contact-gynaecologist-munich-center\/#primaryimage","url":"https:\/\/www.xn--frauenrztinmnchen-vqb67b.de\/wp-content\/uploads\/2021\/08\/anfahrt-frauenarzt-muenchen-luitpoldblock.jpg","contentUrl":"https:\/\/www.xn--frauenrztinmnchen-vqb67b.de\/wp-content\/uploads\/2021\/08\/anfahrt-frauenarzt-muenchen-luitpoldblock.jpg"},{"@type":"WebSite","@id":"https:\/\/www.xn--frauenrztinmnchen-vqb67b.de\/en\/#website","url":"https:\/\/www.xn--frauenrztinmnchen-vqb67b.de\/en\/","name":"Frauen\u00e4rztin M\u00fcnchen | Dr. Gabriele Anker","description":"Gynecological practice in Munich","publisher":{"@id":"https:\/\/www.xn--frauenrztinmnchen-vqb67b.de\/en\/#organization"},"potentialAction":[{"@type":"SearchAction","target":{"@type":"EntryPoint","urlTemplate":"https:\/\/www.xn--frauenrztinmnchen-vqb67b.de\/en\/?s={search_term_string}"},"query-input":{"@type":"PropertyValueSpecification","valueRequired":true,"valueName":"search_term_string"}}],"inLanguage":"en-US"},{"@type":"Organization","@id":"https:\/\/www.xn--frauenrztinmnchen-vqb67b.de\/en\/#organization","name":"Frauen\u00e4rztin M\u00fcnchen | Dr. Gabriele Anker","url":"https:\/\/www.xn--frauenrztinmnchen-vqb67b.de\/en\/","logo":{"@type":"ImageObject","inLanguage":"en-US","@id":"https:\/\/www.xn--frauenrztinmnchen-vqb67b.de\/en\/#\/schema\/logo\/image\/","url":"https:\/\/www.xn--frauenrztinmnchen-vqb67b.de\/wp-content\/uploads\/2021\/09\/Logo-Dr-Gabriele-Anker.jpg","contentUrl":"https:\/\/www.xn--frauenrztinmnchen-vqb67b.de\/wp-content\/uploads\/2021\/09\/Logo-Dr-Gabriele-Anker.jpg","width":755,"height":296,"caption":"Frauen\u00e4rztin M\u00fcnchen | Dr. Gabriele Anker"},"image":{"@id":"https:\/\/www.xn--frauenrztinmnchen-vqb67b.de\/en\/#\/schema\/logo\/image\/"}}]}},"_links":{"self":[{"href":"https:\/\/www.xn--frauenrztinmnchen-vqb67b.de\/en\/wp-json\/wp\/v2\/pages\/3472","targetHints":{"allow":["GET"]}}],"collection":[{"href":"https:\/\/www.xn--frauenrztinmnchen-vqb67b.de\/en\/wp-json\/wp\/v2\/pages"}],"about":[{"href":"https:\/\/www.xn--frauenrztinmnchen-vqb67b.de\/en\/wp-json\/wp\/v2\/types\/page"}],"author":[{"embeddable":true,"href":"https:\/\/www.xn--frauenrztinmnchen-vqb67b.de\/en\/wp-json\/wp\/v2\/users\/1"}],"replies":[{"embeddable":true,"href":"https:\/\/www.xn--frauenrztinmnchen-vqb67b.de\/en\/wp-json\/wp\/v2\/comments?post=3472"}],"version-history":[{"count":4,"href":"https:\/\/www.xn--frauenrztinmnchen-vqb67b.de\/en\/wp-json\/wp\/v2\/pages\/3472\/revisions"}],"predecessor-version":[{"id":5804,"href":"https:\/\/www.xn--frauenrztinmnchen-vqb67b.de\/en\/wp-json\/wp\/v2\/pages\/3472\/revisions\/5804"}],"wp:attachment":[{"href":"https:\/\/www.xn--frauenrztinmnchen-vqb67b.de\/en\/wp-json\/wp\/v2\/media?parent=3472"}],"curies":[{"name":"wp","href":"https:\/\/api.w.org\/{rel}","templated":true}]}}