{"id":3463,"date":"2021-08-04T12:13:03","date_gmt":"2021-08-04T12:13:03","guid":{"rendered":"https:\/\/www.xn--frauenrztinmnchen-vqb67b.de\/impressionen-frauenarzt-muenchen\/"},"modified":"2025-10-17T13:52:27","modified_gmt":"2025-10-17T13:52:27","slug":"impressions-gynaecologist-munich","status":"publish","type":"page","link":"https:\/\/www.xn--frauenrztinmnchen-vqb67b.de\/en\/impressions-gynaecologist-munich\/","title":{"rendered":"Impressionen"},"content":{"rendered":"\n<div class=\"wp-block-columns spalt is-layout-flex wp-container-core-columns-is-layout-9d6595d7 wp-block-columns-is-layout-flex\">\n<div class=\"wp-block-column rigs is-layout-flow wp-block-column-is-layout-flow\">\n<figure class=\"wp-block-image size-full bil rig\"><img loading=\"lazy\" decoding=\"async\" width=\"1702\" height=\"1080\" src=\"https:\/\/www.xn--frauenrztinmnchen-vqb67b.de\/wp-content\/uploads\/2021\/08\/frauenarzt-muenchen-zentrum-wartezimmer-1.jpg\" alt=\"\" class=\"wp-image-2553\"\/><\/figure>\n<\/div>\n\n\n\n<div class=\"wp-block-column bilout is-layout-flow wp-block-column-is-layout-flow\" style=\"padding-top:0px;padding-right:0px;padding-bottom:0px;padding-left:0px;flex-basis:50%\">\n<figure class=\"wp-block-image size-full bil\"><img loading=\"lazy\" decoding=\"async\" width=\"1702\" height=\"1080\" src=\"https:\/\/www.xn--frauenrztinmnchen-vqb67b.de\/wp-content\/uploads\/2021\/08\/frauenarzt-muenchen-3d-4d-ultraschall.jpg\" alt=\"\" class=\"wp-image-2538\"\/><\/figure>\n<\/div>\n<\/div>\n\n\n\n<div style=\"height:7px\" aria-hidden=\"true\" class=\"wp-block-spacer\"><\/div>\n\n\n\n<div class=\"wp-block-columns spalt is-layout-flex wp-container-core-columns-is-layout-9d6595d7 wp-block-columns-is-layout-flex\">\n<div class=\"wp-block-column rigs is-layout-flow wp-block-column-is-layout-flow\">\n<figure class=\"wp-block-image size-full bil rig\"><img loading=\"lazy\" decoding=\"async\" width=\"1702\" height=\"1080\" src=\"https:\/\/www.xn--frauenrztinmnchen-vqb67b.de\/wp-content\/uploads\/2021\/08\/frauenarzt-praxisraum-empfang.jpg\" alt=\"Frauenarzt M\u00fcnchen Empfang\" class=\"wp-image-2574\"\/><\/figure>\n<\/div>\n\n\n\n<div class=\"wp-block-column bilout is-layout-flow wp-block-column-is-layout-flow\" style=\"padding-top:0px;padding-right:0px;padding-bottom:0px;padding-left:0px;flex-basis:50%\">\n<figure class=\"wp-block-image size-full bil\"><img loading=\"lazy\" decoding=\"async\" width=\"1702\" height=\"1080\" src=\"https:\/\/www.xn--frauenrztinmnchen-vqb67b.de\/wp-content\/uploads\/2021\/08\/frauenarzt-muenchen-frauenheilkunde-leistungen.jpg\" alt=\"Frauenarzt M\u00fcnchen Zentrum Frauenheilkunde\" class=\"wp-image-2575\"\/><\/figure>\n<\/div>\n<\/div>\n\n\n\n<div style=\"height:7px\" aria-hidden=\"true\" class=\"wp-block-spacer\"><\/div>\n\n\n\n<div class=\"wp-block-columns spalt is-layout-flex wp-container-core-columns-is-layout-9d6595d7 wp-block-columns-is-layout-flex\">\n<div class=\"wp-block-column rigs is-layout-flow wp-block-column-is-layout-flow\">\n<figure class=\"wp-block-image size-full bil rig\"><img loading=\"lazy\" decoding=\"async\" width=\"1702\" height=\"1080\" src=\"https:\/\/www.xn--frauenrztinmnchen-vqb67b.de\/wp-content\/uploads\/2024\/05\/frauenarzt-muenchen-team.jpg\" alt=\"Frauenarzt M\u00fcnchen Kinderwunsch\" class=\"wp-image-5271\"\/><\/figure>\n<\/div>\n\n\n\n<div class=\"wp-block-column bilout is-layout-flow wp-block-column-is-layout-flow\" style=\"padding-top:0px;padding-right:0px;padding-bottom:0px;padding-left:0px;flex-basis:50%\">\n<figure class=\"wp-block-image size-full bil\"><img loading=\"lazy\" decoding=\"async\" width=\"1702\" height=\"1080\" src=\"https:\/\/www.xn--frauenrztinmnchen-vqb67b.de\/wp-content\/uploads\/2025\/10\/frauenarzt-muenchen-moderne-praxis.jpg\" alt=\"empfangstresen in moderner Frauenarztpraxis in M\u00fcnchen Zentrum\" class=\"wp-image-5808\"\/><\/figure>\n<\/div>\n<\/div>\n\n\n\n<div style=\"height:7px\" aria-hidden=\"true\" class=\"wp-block-spacer\"><\/div>\n\n\n\n<div class=\"wp-block-columns spalt is-layout-flex wp-container-core-columns-is-layout-9d6595d7 wp-block-columns-is-layout-flex\">\n<div class=\"wp-block-column rigs is-layout-flow wp-block-column-is-layout-flow\">\n<figure class=\"wp-block-image size-full bil rig\"><img loading=\"lazy\" decoding=\"async\" width=\"1702\" height=\"1080\" src=\"https:\/\/www.xn--frauenrztinmnchen-vqb67b.de\/wp-content\/uploads\/2021\/08\/frauenarzt-muenchen-hebammensprechstunde.jpg\" alt=\"Hebammensprechstunde Frauenarzt M\u00fcnchen\" class=\"wp-image-2582\"\/><\/figure>\n<\/div>\n\n\n\n<div class=\"wp-block-column bilout is-layout-flow wp-block-column-is-layout-flow\" style=\"padding-top:0px;padding-right:0px;padding-bottom:0px;padding-left:0px;flex-basis:50%\">\n<figure class=\"wp-block-image size-full bil\"><img loading=\"lazy\" decoding=\"async\" width=\"2000\" height=\"1587\" src=\"https:\/\/www.xn--frauenrztinmnchen-vqb67b.de\/wp-content\/uploads\/2025\/10\/Team-Frauenarzt-Muenchen-Zentrum-Krebsvorsorge-Kinderwunsch-Schwangerschaft-n.jpg\" alt=\"Team Frauenarzt M\u00fcnchen Zentrum Krebsvorsorge Kinderwunsch Schwangerschaft\" class=\"wp-image-5813\"\/><\/figure>\n<\/div>\n<\/div>\n\n\n\n<div style=\"height:7px\" aria-hidden=\"true\" class=\"wp-block-spacer\"><\/div>\n\n\n\n<div class=\"wp-block-columns spalt minus is-layout-flex wp-container-core-columns-is-layout-9d6595d7 wp-block-columns-is-layout-flex\">\n<div class=\"wp-block-column rigs is-layout-flow wp-block-column-is-layout-flow\">\n<figure class=\"wp-block-image size-full bil rig\"><img loading=\"lazy\" decoding=\"async\" width=\"1702\" height=\"1080\" src=\"https:\/\/www.xn--frauenrztinmnchen-vqb67b.de\/wp-content\/uploads\/2024\/05\/frauenarzt-muenchen-kinderwunsch.jpg\" alt=\"Frauenarzt M\u00fcnchen Kinderwunsch\" class=\"wp-image-5276\"\/><\/figure>\n<\/div>\n\n\n\n<div class=\"wp-block-column bilout is-layout-flow wp-block-column-is-layout-flow\" style=\"padding-top:0px;padding-right:0px;padding-bottom:0px;padding-left:0px;flex-basis:50%\">\n<figure class=\"wp-block-image size-full bil\"><img loading=\"lazy\" decoding=\"async\" width=\"1702\" height=\"1080\" src=\"https:\/\/www.xn--frauenrztinmnchen-vqb67b.de\/wp-content\/uploads\/2021\/08\/frauenarzt-muenchen-zentrum-odeonsplatz.jpg\" alt=\"Frauenarzt M\u00fcnchen Zentrum Odeonsplatz\" class=\"wp-image-2589\"\/><\/figure>\n<\/div>\n<\/div>\n\n\n\n<p><\/p>\n","protected":false},"excerpt":{"rendered":"","protected":false},"author":1,"featured_media":0,"parent":0,"menu_order":0,"comment_status":"closed","ping_status":"closed","template":"templates\/template-impressionen.php","meta":{"_acf_changed":false,"footnotes":""},"class_list":["post-3463","page","type-page","status-publish","hentry","entry"],"acf":[],"featured_image_src":null,"yoast_head":"<!-- This site is optimized with the Yoast SEO plugin v27.3 - https:\/\/yoast.com\/product\/yoast-seo-wordpress\/ -->\n<title>Impressionen Frauenarzt M\u00fcnchen | Praxis Dr. Gabriele Anker<\/title>\n<meta name=\"description\" content=\"Frauenarztpraxis M\u00fcnchen Innenstadt. Ihre Frauenarztpraxis und Gyn\u00e4kologin in M\u00fcnchen f\u00fcr Schwangerschaftsbetreuung Empf\u00e4ngnisverh\u00fctung und gyn\u00e4kologische Leistungen mit modernster Ausstattung.\" \/>\n<meta name=\"robots\" content=\"index, follow, max-snippet:-1, max-image-preview:large, max-video-preview:-1\" \/>\n<link rel=\"canonical\" href=\"https:\/\/www.xn--frauenrztinmnchen-vqb67b.de\/en\/impressions-gynaecologist-munich\/\" \/>\n<meta property=\"og:locale\" content=\"en_US\" \/>\n<meta property=\"og:type\" content=\"article\" \/>\n<meta property=\"og:title\" content=\"Impressionen Frauenarzt M\u00fcnchen | Praxis Dr. Gabriele Anker\" \/>\n<meta property=\"og:description\" content=\"Frauenarztpraxis M\u00fcnchen Innenstadt. Ihre Frauenarztpraxis und Gyn\u00e4kologin in M\u00fcnchen f\u00fcr Schwangerschaftsbetreuung Empf\u00e4ngnisverh\u00fctung und gyn\u00e4kologische Leistungen mit modernster Ausstattung.\" \/>\n<meta property=\"og:url\" content=\"https:\/\/www.xn--frauenrztinmnchen-vqb67b.de\/en\/impressions-gynaecologist-munich\/\" \/>\n<meta property=\"og:site_name\" content=\"Frauen\u00e4rztin M\u00fcnchen | Dr. Gabriele Anker\" \/>\n<meta property=\"article:modified_time\" content=\"2025-10-17T13:52:27+00:00\" \/>\n<meta property=\"og:image\" content=\"https:\/\/www.xn--frauenrztinmnchen-vqb67b.de\/wp-content\/uploads\/2021\/08\/frauenarzt-muenchen-zentrum-wartezimmer-1.jpg\" \/>\n\t<meta property=\"og:image:width\" content=\"1702\" \/>\n\t<meta property=\"og:image:height\" content=\"1080\" \/>\n\t<meta property=\"og:image:type\" content=\"image\/jpeg\" \/>\n<meta name=\"twitter:card\" content=\"summary_large_image\" \/>\n<meta name=\"twitter:label1\" content=\"Est. reading time\" \/>\n\t<meta name=\"twitter:data1\" content=\"2 minutes\" \/>\n<script type=\"application\/ld+json\" class=\"yoast-schema-graph\">{\"@context\":\"https:\\\/\\\/schema.org\",\"@graph\":[{\"@type\":\"WebPage\",\"@id\":\"https:\\\/\\\/www.xn--frauenrztinmnchen-vqb67b.de\\\/en\\\/impressions-gynaecologist-munich\\\/\",\"url\":\"https:\\\/\\\/www.xn--frauenrztinmnchen-vqb67b.de\\\/en\\\/impressions-gynaecologist-munich\\\/\",\"name\":\"Impressionen Frauenarzt M\u00fcnchen | Praxis Dr. Gabriele Anker\",\"isPartOf\":{\"@id\":\"https:\\\/\\\/www.xn--frauenrztinmnchen-vqb67b.de\\\/en\\\/#website\"},\"primaryImageOfPage\":{\"@id\":\"https:\\\/\\\/www.xn--frauenrztinmnchen-vqb67b.de\\\/en\\\/impressions-gynaecologist-munich\\\/#primaryimage\"},\"image\":{\"@id\":\"https:\\\/\\\/www.xn--frauenrztinmnchen-vqb67b.de\\\/en\\\/impressions-gynaecologist-munich\\\/#primaryimage\"},\"thumbnailUrl\":\"https:\\\/\\\/www.xn--frauenrztinmnchen-vqb67b.de\\\/wp-content\\\/uploads\\\/2021\\\/08\\\/frauenarzt-muenchen-zentrum-wartezimmer-1.jpg\",\"datePublished\":\"2021-08-04T12:13:03+00:00\",\"dateModified\":\"2025-10-17T13:52:27+00:00\",\"description\":\"Frauenarztpraxis M\u00fcnchen Innenstadt. Ihre Frauenarztpraxis und Gyn\u00e4kologin in M\u00fcnchen f\u00fcr Schwangerschaftsbetreuung Empf\u00e4ngnisverh\u00fctung und gyn\u00e4kologische Leistungen mit modernster Ausstattung.\",\"inLanguage\":\"en-US\",\"potentialAction\":[{\"@type\":\"ReadAction\",\"target\":[\"https:\\\/\\\/www.xn--frauenrztinmnchen-vqb67b.de\\\/en\\\/impressions-gynaecologist-munich\\\/\"]}]},{\"@type\":\"ImageObject\",\"inLanguage\":\"en-US\",\"@id\":\"https:\\\/\\\/www.xn--frauenrztinmnchen-vqb67b.de\\\/en\\\/impressions-gynaecologist-munich\\\/#primaryimage\",\"url\":\"https:\\\/\\\/www.xn--frauenrztinmnchen-vqb67b.de\\\/wp-content\\\/uploads\\\/2021\\\/08\\\/frauenarzt-muenchen-zentrum-wartezimmer-1.jpg\",\"contentUrl\":\"https:\\\/\\\/www.xn--frauenrztinmnchen-vqb67b.de\\\/wp-content\\\/uploads\\\/2021\\\/08\\\/frauenarzt-muenchen-zentrum-wartezimmer-1.jpg\"},{\"@type\":\"WebSite\",\"@id\":\"https:\\\/\\\/www.xn--frauenrztinmnchen-vqb67b.de\\\/en\\\/#website\",\"url\":\"https:\\\/\\\/www.xn--frauenrztinmnchen-vqb67b.de\\\/en\\\/\",\"name\":\"Frauen\u00e4rztin M\u00fcnchen | Dr. Gabriele Anker\",\"description\":\"Gynecological practice in Munich\",\"publisher\":{\"@id\":\"https:\\\/\\\/www.xn--frauenrztinmnchen-vqb67b.de\\\/en\\\/#organization\"},\"potentialAction\":[{\"@type\":\"SearchAction\",\"target\":{\"@type\":\"EntryPoint\",\"urlTemplate\":\"https:\\\/\\\/www.xn--frauenrztinmnchen-vqb67b.de\\\/en\\\/?s={search_term_string}\"},\"query-input\":{\"@type\":\"PropertyValueSpecification\",\"valueRequired\":true,\"valueName\":\"search_term_string\"}}],\"inLanguage\":\"en-US\"},{\"@type\":\"Organization\",\"@id\":\"https:\\\/\\\/www.xn--frauenrztinmnchen-vqb67b.de\\\/en\\\/#organization\",\"name\":\"Frauen\u00e4rztin M\u00fcnchen | Dr. Gabriele Anker\",\"url\":\"https:\\\/\\\/www.xn--frauenrztinmnchen-vqb67b.de\\\/en\\\/\",\"logo\":{\"@type\":\"ImageObject\",\"inLanguage\":\"en-US\",\"@id\":\"https:\\\/\\\/www.xn--frauenrztinmnchen-vqb67b.de\\\/en\\\/#\\\/schema\\\/logo\\\/image\\\/\",\"url\":\"https:\\\/\\\/www.xn--frauenrztinmnchen-vqb67b.de\\\/wp-content\\\/uploads\\\/2021\\\/09\\\/Logo-Dr-Gabriele-Anker.jpg\",\"contentUrl\":\"https:\\\/\\\/www.xn--frauenrztinmnchen-vqb67b.de\\\/wp-content\\\/uploads\\\/2021\\\/09\\\/Logo-Dr-Gabriele-Anker.jpg\",\"width\":755,\"height\":296,\"caption\":\"Frauen\u00e4rztin M\u00fcnchen | Dr. Gabriele Anker\"},\"image\":{\"@id\":\"https:\\\/\\\/www.xn--frauenrztinmnchen-vqb67b.de\\\/en\\\/#\\\/schema\\\/logo\\\/image\\\/\"}}]}<\/script>\n<!-- \/ Yoast SEO plugin. -->","yoast_head_json":{"title":"Impressionen Frauenarzt M\u00fcnchen | Praxis Dr. Gabriele Anker","description":"Frauenarztpraxis M\u00fcnchen Innenstadt. Ihre Frauenarztpraxis und Gyn\u00e4kologin in M\u00fcnchen f\u00fcr Schwangerschaftsbetreuung Empf\u00e4ngnisverh\u00fctung und gyn\u00e4kologische Leistungen mit modernster Ausstattung.","robots":{"index":"index","follow":"follow","max-snippet":"max-snippet:-1","max-image-preview":"max-image-preview:large","max-video-preview":"max-video-preview:-1"},"canonical":"https:\/\/www.xn--frauenrztinmnchen-vqb67b.de\/en\/impressions-gynaecologist-munich\/","og_locale":"en_US","og_type":"article","og_title":"Impressionen Frauenarzt M\u00fcnchen | Praxis Dr. Gabriele Anker","og_description":"Frauenarztpraxis M\u00fcnchen Innenstadt. Ihre Frauenarztpraxis und Gyn\u00e4kologin in M\u00fcnchen f\u00fcr Schwangerschaftsbetreuung Empf\u00e4ngnisverh\u00fctung und gyn\u00e4kologische Leistungen mit modernster Ausstattung.","og_url":"https:\/\/www.xn--frauenrztinmnchen-vqb67b.de\/en\/impressions-gynaecologist-munich\/","og_site_name":"Frauen\u00e4rztin M\u00fcnchen | Dr. Gabriele Anker","article_modified_time":"2025-10-17T13:52:27+00:00","og_image":[{"width":1702,"height":1080,"url":"https:\/\/www.xn--frauenrztinmnchen-vqb67b.de\/wp-content\/uploads\/2021\/08\/frauenarzt-muenchen-zentrum-wartezimmer-1.jpg","type":"image\/jpeg"}],"twitter_card":"summary_large_image","twitter_misc":{"Est. reading time":"2 minutes"},"schema":{"@context":"https:\/\/schema.org","@graph":[{"@type":"WebPage","@id":"https:\/\/www.xn--frauenrztinmnchen-vqb67b.de\/en\/impressions-gynaecologist-munich\/","url":"https:\/\/www.xn--frauenrztinmnchen-vqb67b.de\/en\/impressions-gynaecologist-munich\/","name":"Impressionen Frauenarzt M\u00fcnchen | Praxis Dr. Gabriele Anker","isPartOf":{"@id":"https:\/\/www.xn--frauenrztinmnchen-vqb67b.de\/en\/#website"},"primaryImageOfPage":{"@id":"https:\/\/www.xn--frauenrztinmnchen-vqb67b.de\/en\/impressions-gynaecologist-munich\/#primaryimage"},"image":{"@id":"https:\/\/www.xn--frauenrztinmnchen-vqb67b.de\/en\/impressions-gynaecologist-munich\/#primaryimage"},"thumbnailUrl":"https:\/\/www.xn--frauenrztinmnchen-vqb67b.de\/wp-content\/uploads\/2021\/08\/frauenarzt-muenchen-zentrum-wartezimmer-1.jpg","datePublished":"2021-08-04T12:13:03+00:00","dateModified":"2025-10-17T13:52:27+00:00","description":"Frauenarztpraxis M\u00fcnchen Innenstadt. Ihre Frauenarztpraxis und Gyn\u00e4kologin in M\u00fcnchen f\u00fcr Schwangerschaftsbetreuung Empf\u00e4ngnisverh\u00fctung und gyn\u00e4kologische Leistungen mit modernster Ausstattung.","inLanguage":"en-US","potentialAction":[{"@type":"ReadAction","target":["https:\/\/www.xn--frauenrztinmnchen-vqb67b.de\/en\/impressions-gynaecologist-munich\/"]}]},{"@type":"ImageObject","inLanguage":"en-US","@id":"https:\/\/www.xn--frauenrztinmnchen-vqb67b.de\/en\/impressions-gynaecologist-munich\/#primaryimage","url":"https:\/\/www.xn--frauenrztinmnchen-vqb67b.de\/wp-content\/uploads\/2021\/08\/frauenarzt-muenchen-zentrum-wartezimmer-1.jpg","contentUrl":"https:\/\/www.xn--frauenrztinmnchen-vqb67b.de\/wp-content\/uploads\/2021\/08\/frauenarzt-muenchen-zentrum-wartezimmer-1.jpg"},{"@type":"WebSite","@id":"https:\/\/www.xn--frauenrztinmnchen-vqb67b.de\/en\/#website","url":"https:\/\/www.xn--frauenrztinmnchen-vqb67b.de\/en\/","name":"Frauen\u00e4rztin M\u00fcnchen | Dr. Gabriele Anker","description":"Gynecological practice in Munich","publisher":{"@id":"https:\/\/www.xn--frauenrztinmnchen-vqb67b.de\/en\/#organization"},"potentialAction":[{"@type":"SearchAction","target":{"@type":"EntryPoint","urlTemplate":"https:\/\/www.xn--frauenrztinmnchen-vqb67b.de\/en\/?s={search_term_string}"},"query-input":{"@type":"PropertyValueSpecification","valueRequired":true,"valueName":"search_term_string"}}],"inLanguage":"en-US"},{"@type":"Organization","@id":"https:\/\/www.xn--frauenrztinmnchen-vqb67b.de\/en\/#organization","name":"Frauen\u00e4rztin M\u00fcnchen | Dr. Gabriele Anker","url":"https:\/\/www.xn--frauenrztinmnchen-vqb67b.de\/en\/","logo":{"@type":"ImageObject","inLanguage":"en-US","@id":"https:\/\/www.xn--frauenrztinmnchen-vqb67b.de\/en\/#\/schema\/logo\/image\/","url":"https:\/\/www.xn--frauenrztinmnchen-vqb67b.de\/wp-content\/uploads\/2021\/09\/Logo-Dr-Gabriele-Anker.jpg","contentUrl":"https:\/\/www.xn--frauenrztinmnchen-vqb67b.de\/wp-content\/uploads\/2021\/09\/Logo-Dr-Gabriele-Anker.jpg","width":755,"height":296,"caption":"Frauen\u00e4rztin M\u00fcnchen | Dr. Gabriele Anker"},"image":{"@id":"https:\/\/www.xn--frauenrztinmnchen-vqb67b.de\/en\/#\/schema\/logo\/image\/"}}]}},"_links":{"self":[{"href":"https:\/\/www.xn--frauenrztinmnchen-vqb67b.de\/en\/wp-json\/wp\/v2\/pages\/3463","targetHints":{"allow":["GET"]}}],"collection":[{"href":"https:\/\/www.xn--frauenrztinmnchen-vqb67b.de\/en\/wp-json\/wp\/v2\/pages"}],"about":[{"href":"https:\/\/www.xn--frauenrztinmnchen-vqb67b.de\/en\/wp-json\/wp\/v2\/types\/page"}],"author":[{"embeddable":true,"href":"https:\/\/www.xn--frauenrztinmnchen-vqb67b.de\/en\/wp-json\/wp\/v2\/users\/1"}],"replies":[{"embeddable":true,"href":"https:\/\/www.xn--frauenrztinmnchen-vqb67b.de\/en\/wp-json\/wp\/v2\/comments?post=3463"}],"version-history":[{"count":6,"href":"https:\/\/www.xn--frauenrztinmnchen-vqb67b.de\/en\/wp-json\/wp\/v2\/pages\/3463\/revisions"}],"predecessor-version":[{"id":5815,"href":"https:\/\/www.xn--frauenrztinmnchen-vqb67b.de\/en\/wp-json\/wp\/v2\/pages\/3463\/revisions\/5815"}],"wp:attachment":[{"href":"https:\/\/www.xn--frauenrztinmnchen-vqb67b.de\/en\/wp-json\/wp\/v2\/media?parent=3463"}],"curies":[{"name":"wp","href":"https:\/\/api.w.org\/{rel}","templated":true}]}}