{"id":3436,"date":"2021-08-01T17:32:06","date_gmt":"2021-08-01T17:32:06","guid":{"rendered":"https:\/\/www.xn--frauenrztinmnchen-vqb67b.de\/empfaengnisverhuetung-muenchen\/"},"modified":"2021-09-01T15:28:28","modified_gmt":"2021-09-01T15:28:28","slug":"contraception-munich","status":"publish","type":"page","link":"https:\/\/www.xn--frauenrztinmnchen-vqb67b.de\/en\/contraception-munich\/","title":{"rendered":"Contraception \u2013 Consulting &#038; Methods Munich"},"content":{"rendered":"\n<h2 class=\"einseins wp-block-heading\">Different contraceptive methods at your gynecologist in Munich<\/h2>\n\n\n\n<p>The most suitable method of contraception will be based on each person&#8217;s individual circumstances, which may also change over the course of a lifetime. Here is a brief overview of the most common methods of contraception, including the advantages and disadvantages of each method and its effectiveness.<\/p>\n\n\n\n<p>An independent method of evaluation known as the &#8220;Pearl Index&#8221; measures the effectiveness of each birth control method. The lower the index, the more reliable the contraceptive.<\/p>\n\n\n\n<div style=\"height:30px\" aria-hidden=\"true\" class=\"wp-block-spacer\"><\/div>\n\n\n\n<div class=\"wp-block-columns is-layout-flex wp-container-core-columns-is-layout-9d6595d7 wp-block-columns-is-layout-flex\">\n<div class=\"wp-block-column spaleis is-layout-flow wp-block-column-is-layout-flow\">\n<div class=\"wp-block-buttons is-layout-flex wp-block-buttons-is-layout-flex\">\n<div class=\"wp-block-button leistungeinzeln\"><a class=\"wp-block-button__link has-background\" href=\"https:\/\/www.xn--frauenrztinmnchen-vqb67b.de\/en\/combined-hormonal-contraceptives-munich\/\" style=\"background-color:#f5f4ed\"><h3>Combined hormonal contraceptives<\/h3><\/a><\/div>\n<\/div>\n<\/div>\n\n\n\n<div class=\"wp-block-column spaleis is-layout-flow wp-block-column-is-layout-flow\">\n<div class=\"wp-block-buttons is-layout-flex wp-block-buttons-is-layout-flex\">\n<div class=\"wp-block-button leistungeinzeln\"><a class=\"wp-block-button__link has-background\" href=\"https:\/\/www.xn--frauenrztinmnchen-vqb67b.de\/en\/pill-contraceptions-munich\/\" style=\"background-color:#f5f4ed\"><h3>Pill<\/h3><\/a><\/div>\n<\/div>\n<\/div>\n\n\n\n<div class=\"wp-block-column spaleis is-layout-flow wp-block-column-is-layout-flow\">\n<div class=\"wp-block-buttons is-layout-flex wp-block-buttons-is-layout-flex\">\n<div class=\"wp-block-button leistungeinzeln\"><a class=\"wp-block-button__link has-background\" href=\"https:\/\/www.xn--frauenrztinmnchen-vqb67b.de\/en\/birth-control-ring-contraceptives-munich\/\" style=\"background-color:#f5f4ed\"><h3>Birth control ring<\/h3><\/a><\/div>\n<\/div>\n<\/div>\n<\/div>\n\n\n\n<div class=\"wp-block-columns is-layout-flex wp-container-core-columns-is-layout-9d6595d7 wp-block-columns-is-layout-flex\">\n<div class=\"wp-block-column spaleis is-layout-flow wp-block-column-is-layout-flow\">\n<div class=\"wp-block-buttons is-layout-flex wp-block-buttons-is-layout-flex\">\n<div class=\"wp-block-button leistungeinzeln\"><a class=\"wp-block-button__link has-background\" href=\"https:\/\/www.xn--frauenrztinmnchen-vqb67b.de\/en\/contraceptive-patch-contraceptives-munich\/\" style=\"background-color:#f5f4ed\"><h3>Contraceptive patch<\/h3><\/a><\/div>\n<\/div>\n<\/div>\n\n\n\n<div class=\"wp-block-column spaleis is-layout-flow wp-block-column-is-layout-flow\">\n<div class=\"wp-block-buttons is-layout-flex wp-block-buttons-is-layout-flex\">\n<div class=\"wp-block-button leistungeinzeln\"><a class=\"wp-block-button__link has-background\" href=\"https:\/\/www.xn--frauenrztinmnchen-vqb67b.de\/en\/oestrogen-free-hormonal-contraceptives-munich\/\" style=\"background-color:#f5f4ed\"><h3>oestrogen-free hormonal contraceptives<\/h3><\/a><\/div>\n<\/div>\n<\/div>\n\n\n\n<div class=\"wp-block-column spaleis is-layout-flow wp-block-column-is-layout-flow\">\n<div class=\"wp-block-buttons is-layout-flex wp-block-buttons-is-layout-flex\">\n<div class=\"wp-block-button leistungeinzeln\"><a class=\"wp-block-button__link has-background\" href=\"https:\/\/www.xn--frauenrztinmnchen-vqb67b.de\/en\/contraceptive-implant-contraceptives-munich\/\" style=\"background-color:#f5f4ed\"><h3>Contraceptive implant<\/h3><\/a><\/div>\n<\/div>\n<\/div>\n<\/div>\n\n\n\n<div class=\"wp-block-columns is-layout-flex wp-container-core-columns-is-layout-9d6595d7 wp-block-columns-is-layout-flex\">\n<div class=\"wp-block-column spaleis is-layout-flow wp-block-column-is-layout-flow\">\n<div class=\"wp-block-buttons is-layout-flex wp-block-buttons-is-layout-flex\">\n<div class=\"wp-block-button leistungeinzeln\"><a class=\"wp-block-button__link has-background\" href=\"https:\/\/www.xn--frauenrztinmnchen-vqb67b.de\/en\/contraceptive-injection-contraceptives-munich\/\" style=\"background-color:#f5f4ed\"><h3>Contraceptive Injection<\/h3><\/a><\/div>\n<\/div>\n<\/div>\n\n\n\n<div class=\"wp-block-column spaleis is-layout-flow wp-block-column-is-layout-flow\">\n<div class=\"wp-block-buttons is-layout-flex wp-block-buttons-is-layout-flex\">\n<div class=\"wp-block-button leistungeinzeln\"><a class=\"wp-block-button__link has-background\" href=\"https:\/\/www.xn--frauenrztinmnchen-vqb67b.de\/en\/coil-contraceptive-contraceptives-munich\" style=\"background-color:#f5f4ed\"><h3>Coil contraceptive<\/h3><\/a><\/div>\n<\/div>\n<\/div>\n\n\n\n<div class=\"wp-block-column spaleis is-layout-flow wp-block-column-is-layout-flow\">\n<div class=\"wp-block-buttons is-layout-flex wp-block-buttons-is-layout-flex\">\n<div class=\"wp-block-button leistungeinzeln\"><a class=\"wp-block-button__link has-background\" href=\"https:\/\/www.xn--frauenrztinmnchen-vqb67b.de\/en\/barrier-contraceptive-methods-munich\" style=\"background-color:#f5f4ed\"><h3>Barrier contraceptive methods<\/h3><\/a><\/div>\n<\/div>\n<\/div>\n<\/div>\n","protected":false},"excerpt":{"rendered":"<p>Different contraceptive methods at your gynecologist in Munich The most suitable method of contraception will be based on each person&#8217;s individual circumstances, which may also change over the course of a lifetime. Here is a brief overview of the most common methods of contraception, including the advantages and disadvantages of each method and its effectiveness.&hellip; <a class=\"more-link\" href=\"https:\/\/www.xn--frauenrztinmnchen-vqb67b.de\/en\/contraception-munich\/\">Continue reading <span class=\"screen-reader-text\">Contraception \u2013 Consulting &#038; Methods Munich<\/span><\/a><\/p>\n","protected":false},"author":1,"featured_media":3047,"parent":0,"menu_order":0,"comment_status":"closed","ping_status":"open","template":"templates\/template-unterseiteeinzeln.php","meta":{"_acf_changed":false,"footnotes":""},"class_list":["post-3436","page","type-page","status-publish","has-post-thumbnail","hentry","entry"],"acf":[],"featured_image_src":"https:\/\/www.xn--frauenrztinmnchen-vqb67b.de\/wp-content\/uploads\/2021\/08\/empfaengnisverhuetung-frauenarzt-muenchen.jpg","yoast_head":"<!-- This site is optimized with the Yoast SEO plugin v27.3 - https:\/\/yoast.com\/product\/yoast-seo-wordpress\/ -->\n<title>Contraception Munich | Dr. Gabriele Anker Gynecologist<\/title>\n<meta name=\"description\" content=\"Contraception Munich - Gynecologist Munich City Center Gynecologist Dr. med. Gabriele Anker MPH and Team. Your gynecological practice and gynecologist for contraception in Munich.\" \/>\n<meta name=\"robots\" content=\"index, follow, max-snippet:-1, max-image-preview:large, max-video-preview:-1\" \/>\n<link rel=\"canonical\" href=\"https:\/\/www.xn--frauenrztinmnchen-vqb67b.de\/en\/contraception-munich\/\" \/>\n<meta property=\"og:locale\" content=\"en_US\" \/>\n<meta property=\"og:type\" content=\"article\" \/>\n<meta property=\"og:title\" content=\"Contraception Munich | Dr. Gabriele Anker Gynecologist\" \/>\n<meta property=\"og:description\" content=\"Contraception Munich - Gynecologist Munich City Center Gynecologist Dr. med. Gabriele Anker MPH and Team. Your gynecological practice and gynecologist for contraception in Munich.\" \/>\n<meta property=\"og:url\" content=\"https:\/\/www.xn--frauenrztinmnchen-vqb67b.de\/en\/contraception-munich\/\" \/>\n<meta property=\"og:site_name\" content=\"Frauen\u00e4rztin M\u00fcnchen | Dr. Gabriele Anker\" \/>\n<meta property=\"article:modified_time\" content=\"2021-09-01T15:28:28+00:00\" \/>\n<meta property=\"og:image\" content=\"https:\/\/www.xn--frauenrztinmnchen-vqb67b.de\/wp-content\/uploads\/2021\/08\/empfaengnisverhuetung-frauenarzt-muenchen.jpg\" \/>\n\t<meta property=\"og:image:width\" content=\"2880\" \/>\n\t<meta property=\"og:image:height\" content=\"998\" \/>\n\t<meta property=\"og:image:type\" content=\"image\/jpeg\" \/>\n<meta name=\"twitter:card\" content=\"summary_large_image\" \/>\n<meta name=\"twitter:label1\" content=\"Est. reading time\" \/>\n\t<meta name=\"twitter:data1\" content=\"1 minute\" \/>\n<script type=\"application\/ld+json\" class=\"yoast-schema-graph\">{\"@context\":\"https:\\\/\\\/schema.org\",\"@graph\":[{\"@type\":\"WebPage\",\"@id\":\"https:\\\/\\\/www.xn--frauenrztinmnchen-vqb67b.de\\\/en\\\/contraception-munich\\\/\",\"url\":\"https:\\\/\\\/www.xn--frauenrztinmnchen-vqb67b.de\\\/en\\\/contraception-munich\\\/\",\"name\":\"Contraception Munich | Dr. Gabriele Anker Gynecologist\",\"isPartOf\":{\"@id\":\"https:\\\/\\\/www.xn--frauenrztinmnchen-vqb67b.de\\\/en\\\/#website\"},\"primaryImageOfPage\":{\"@id\":\"https:\\\/\\\/www.xn--frauenrztinmnchen-vqb67b.de\\\/en\\\/contraception-munich\\\/#primaryimage\"},\"image\":{\"@id\":\"https:\\\/\\\/www.xn--frauenrztinmnchen-vqb67b.de\\\/en\\\/contraception-munich\\\/#primaryimage\"},\"thumbnailUrl\":\"https:\\\/\\\/www.xn--frauenrztinmnchen-vqb67b.de\\\/wp-content\\\/uploads\\\/2021\\\/08\\\/empfaengnisverhuetung-frauenarzt-muenchen.jpg\",\"datePublished\":\"2021-08-01T17:32:06+00:00\",\"dateModified\":\"2021-09-01T15:28:28+00:00\",\"description\":\"Contraception Munich - Gynecologist Munich City Center Gynecologist Dr. med. Gabriele Anker MPH and Team. Your gynecological practice and gynecologist for contraception in Munich.\",\"inLanguage\":\"en-US\",\"potentialAction\":[{\"@type\":\"ReadAction\",\"target\":[\"https:\\\/\\\/www.xn--frauenrztinmnchen-vqb67b.de\\\/en\\\/contraception-munich\\\/\"]}]},{\"@type\":\"ImageObject\",\"inLanguage\":\"en-US\",\"@id\":\"https:\\\/\\\/www.xn--frauenrztinmnchen-vqb67b.de\\\/en\\\/contraception-munich\\\/#primaryimage\",\"url\":\"https:\\\/\\\/www.xn--frauenrztinmnchen-vqb67b.de\\\/wp-content\\\/uploads\\\/2021\\\/08\\\/empfaengnisverhuetung-frauenarzt-muenchen.jpg\",\"contentUrl\":\"https:\\\/\\\/www.xn--frauenrztinmnchen-vqb67b.de\\\/wp-content\\\/uploads\\\/2021\\\/08\\\/empfaengnisverhuetung-frauenarzt-muenchen.jpg\",\"width\":2880,\"height\":998,\"caption\":\"Empf\u00e4ngnisverh\u00fctung M\u00fcnchen\"},{\"@type\":\"WebSite\",\"@id\":\"https:\\\/\\\/www.xn--frauenrztinmnchen-vqb67b.de\\\/en\\\/#website\",\"url\":\"https:\\\/\\\/www.xn--frauenrztinmnchen-vqb67b.de\\\/en\\\/\",\"name\":\"Frauen\u00e4rztin M\u00fcnchen | Dr. Gabriele Anker\",\"description\":\"Gynecological practice in Munich\",\"publisher\":{\"@id\":\"https:\\\/\\\/www.xn--frauenrztinmnchen-vqb67b.de\\\/en\\\/#organization\"},\"potentialAction\":[{\"@type\":\"SearchAction\",\"target\":{\"@type\":\"EntryPoint\",\"urlTemplate\":\"https:\\\/\\\/www.xn--frauenrztinmnchen-vqb67b.de\\\/en\\\/?s={search_term_string}\"},\"query-input\":{\"@type\":\"PropertyValueSpecification\",\"valueRequired\":true,\"valueName\":\"search_term_string\"}}],\"inLanguage\":\"en-US\"},{\"@type\":\"Organization\",\"@id\":\"https:\\\/\\\/www.xn--frauenrztinmnchen-vqb67b.de\\\/en\\\/#organization\",\"name\":\"Frauen\u00e4rztin M\u00fcnchen | Dr. Gabriele Anker\",\"url\":\"https:\\\/\\\/www.xn--frauenrztinmnchen-vqb67b.de\\\/en\\\/\",\"logo\":{\"@type\":\"ImageObject\",\"inLanguage\":\"en-US\",\"@id\":\"https:\\\/\\\/www.xn--frauenrztinmnchen-vqb67b.de\\\/en\\\/#\\\/schema\\\/logo\\\/image\\\/\",\"url\":\"https:\\\/\\\/www.xn--frauenrztinmnchen-vqb67b.de\\\/wp-content\\\/uploads\\\/2021\\\/09\\\/Logo-Dr-Gabriele-Anker.jpg\",\"contentUrl\":\"https:\\\/\\\/www.xn--frauenrztinmnchen-vqb67b.de\\\/wp-content\\\/uploads\\\/2021\\\/09\\\/Logo-Dr-Gabriele-Anker.jpg\",\"width\":755,\"height\":296,\"caption\":\"Frauen\u00e4rztin M\u00fcnchen | Dr. Gabriele Anker\"},\"image\":{\"@id\":\"https:\\\/\\\/www.xn--frauenrztinmnchen-vqb67b.de\\\/en\\\/#\\\/schema\\\/logo\\\/image\\\/\"}}]}<\/script>\n<!-- \/ Yoast SEO plugin. -->","yoast_head_json":{"title":"Contraception Munich | Dr. Gabriele Anker Gynecologist","description":"Contraception Munich - Gynecologist Munich City Center Gynecologist Dr. med. Gabriele Anker MPH and Team. Your gynecological practice and gynecologist for contraception in Munich.","robots":{"index":"index","follow":"follow","max-snippet":"max-snippet:-1","max-image-preview":"max-image-preview:large","max-video-preview":"max-video-preview:-1"},"canonical":"https:\/\/www.xn--frauenrztinmnchen-vqb67b.de\/en\/contraception-munich\/","og_locale":"en_US","og_type":"article","og_title":"Contraception Munich | Dr. Gabriele Anker Gynecologist","og_description":"Contraception Munich - Gynecologist Munich City Center Gynecologist Dr. med. Gabriele Anker MPH and Team. Your gynecological practice and gynecologist for contraception in Munich.","og_url":"https:\/\/www.xn--frauenrztinmnchen-vqb67b.de\/en\/contraception-munich\/","og_site_name":"Frauen\u00e4rztin M\u00fcnchen | Dr. Gabriele Anker","article_modified_time":"2021-09-01T15:28:28+00:00","og_image":[{"width":2880,"height":998,"url":"https:\/\/www.xn--frauenrztinmnchen-vqb67b.de\/wp-content\/uploads\/2021\/08\/empfaengnisverhuetung-frauenarzt-muenchen.jpg","type":"image\/jpeg"}],"twitter_card":"summary_large_image","twitter_misc":{"Est. reading time":"1 minute"},"schema":{"@context":"https:\/\/schema.org","@graph":[{"@type":"WebPage","@id":"https:\/\/www.xn--frauenrztinmnchen-vqb67b.de\/en\/contraception-munich\/","url":"https:\/\/www.xn--frauenrztinmnchen-vqb67b.de\/en\/contraception-munich\/","name":"Contraception Munich | Dr. Gabriele Anker Gynecologist","isPartOf":{"@id":"https:\/\/www.xn--frauenrztinmnchen-vqb67b.de\/en\/#website"},"primaryImageOfPage":{"@id":"https:\/\/www.xn--frauenrztinmnchen-vqb67b.de\/en\/contraception-munich\/#primaryimage"},"image":{"@id":"https:\/\/www.xn--frauenrztinmnchen-vqb67b.de\/en\/contraception-munich\/#primaryimage"},"thumbnailUrl":"https:\/\/www.xn--frauenrztinmnchen-vqb67b.de\/wp-content\/uploads\/2021\/08\/empfaengnisverhuetung-frauenarzt-muenchen.jpg","datePublished":"2021-08-01T17:32:06+00:00","dateModified":"2021-09-01T15:28:28+00:00","description":"Contraception Munich - Gynecologist Munich City Center Gynecologist Dr. med. Gabriele Anker MPH and Team. Your gynecological practice and gynecologist for contraception in Munich.","inLanguage":"en-US","potentialAction":[{"@type":"ReadAction","target":["https:\/\/www.xn--frauenrztinmnchen-vqb67b.de\/en\/contraception-munich\/"]}]},{"@type":"ImageObject","inLanguage":"en-US","@id":"https:\/\/www.xn--frauenrztinmnchen-vqb67b.de\/en\/contraception-munich\/#primaryimage","url":"https:\/\/www.xn--frauenrztinmnchen-vqb67b.de\/wp-content\/uploads\/2021\/08\/empfaengnisverhuetung-frauenarzt-muenchen.jpg","contentUrl":"https:\/\/www.xn--frauenrztinmnchen-vqb67b.de\/wp-content\/uploads\/2021\/08\/empfaengnisverhuetung-frauenarzt-muenchen.jpg","width":2880,"height":998,"caption":"Empf\u00e4ngnisverh\u00fctung M\u00fcnchen"},{"@type":"WebSite","@id":"https:\/\/www.xn--frauenrztinmnchen-vqb67b.de\/en\/#website","url":"https:\/\/www.xn--frauenrztinmnchen-vqb67b.de\/en\/","name":"Frauen\u00e4rztin M\u00fcnchen | Dr. Gabriele Anker","description":"Gynecological practice in Munich","publisher":{"@id":"https:\/\/www.xn--frauenrztinmnchen-vqb67b.de\/en\/#organization"},"potentialAction":[{"@type":"SearchAction","target":{"@type":"EntryPoint","urlTemplate":"https:\/\/www.xn--frauenrztinmnchen-vqb67b.de\/en\/?s={search_term_string}"},"query-input":{"@type":"PropertyValueSpecification","valueRequired":true,"valueName":"search_term_string"}}],"inLanguage":"en-US"},{"@type":"Organization","@id":"https:\/\/www.xn--frauenrztinmnchen-vqb67b.de\/en\/#organization","name":"Frauen\u00e4rztin M\u00fcnchen | Dr. Gabriele Anker","url":"https:\/\/www.xn--frauenrztinmnchen-vqb67b.de\/en\/","logo":{"@type":"ImageObject","inLanguage":"en-US","@id":"https:\/\/www.xn--frauenrztinmnchen-vqb67b.de\/en\/#\/schema\/logo\/image\/","url":"https:\/\/www.xn--frauenrztinmnchen-vqb67b.de\/wp-content\/uploads\/2021\/09\/Logo-Dr-Gabriele-Anker.jpg","contentUrl":"https:\/\/www.xn--frauenrztinmnchen-vqb67b.de\/wp-content\/uploads\/2021\/09\/Logo-Dr-Gabriele-Anker.jpg","width":755,"height":296,"caption":"Frauen\u00e4rztin M\u00fcnchen | Dr. Gabriele Anker"},"image":{"@id":"https:\/\/www.xn--frauenrztinmnchen-vqb67b.de\/en\/#\/schema\/logo\/image\/"}}]}},"_links":{"self":[{"href":"https:\/\/www.xn--frauenrztinmnchen-vqb67b.de\/en\/wp-json\/wp\/v2\/pages\/3436","targetHints":{"allow":["GET"]}}],"collection":[{"href":"https:\/\/www.xn--frauenrztinmnchen-vqb67b.de\/en\/wp-json\/wp\/v2\/pages"}],"about":[{"href":"https:\/\/www.xn--frauenrztinmnchen-vqb67b.de\/en\/wp-json\/wp\/v2\/types\/page"}],"author":[{"embeddable":true,"href":"https:\/\/www.xn--frauenrztinmnchen-vqb67b.de\/en\/wp-json\/wp\/v2\/users\/1"}],"replies":[{"embeddable":true,"href":"https:\/\/www.xn--frauenrztinmnchen-vqb67b.de\/en\/wp-json\/wp\/v2\/comments?post=3436"}],"version-history":[{"count":18,"href":"https:\/\/www.xn--frauenrztinmnchen-vqb67b.de\/en\/wp-json\/wp\/v2\/pages\/3436\/revisions"}],"predecessor-version":[{"id":4045,"href":"https:\/\/www.xn--frauenrztinmnchen-vqb67b.de\/en\/wp-json\/wp\/v2\/pages\/3436\/revisions\/4045"}],"wp:featuredmedia":[{"embeddable":true,"href":"https:\/\/www.xn--frauenrztinmnchen-vqb67b.de\/en\/wp-json\/wp\/v2\/media\/3047"}],"wp:attachment":[{"href":"https:\/\/www.xn--frauenrztinmnchen-vqb67b.de\/en\/wp-json\/wp\/v2\/media?parent=3436"}],"curies":[{"name":"wp","href":"https:\/\/api.w.org\/{rel}","templated":true}]}}