{"id":3430,"date":"2021-08-07T09:29:09","date_gmt":"2021-08-07T09:29:09","guid":{"rendered":"https:\/\/www.xn--frauenrztinmnchen-vqb67b.de\/datenschutz\/"},"modified":"2025-12-08T16:41:39","modified_gmt":"2025-12-08T16:41:39","slug":"data-protection","status":"publish","type":"page","link":"https:\/\/www.xn--frauenrztinmnchen-vqb67b.de\/en\/data-protection\/","title":{"rendered":"Data Protection Policy:"},"content":{"rendered":"\n<h1 class=\"wp-block-heading sitewrapper\">Data Protection Policy:<\/h1>\n\n\n\n<div class=\"wp-block-group sitewrapper is-layout-flow wp-block-group-is-layout-flow\">\n<p><strong><strong>Information about the collection of personal data on our website<\/strong><\/strong><\/p>\n\n\n\n<p>Dear visitor to our website,<br><br>We would like to inform you that personal data is collected during visits to our website. The terms personal data includes all data that relates to you personally (e.g. name, email address, user behaviour).<\/p>\n\n\n\n<div style=\"height:25px\" aria-hidden=\"true\" class=\"wp-block-spacer\"><\/div>\n\n\n\n<p>The person responsible for the collection and storage of the data (&#8220;controller&#8221;) is:<br>DR. MED. GABRIELE ANKER, MPH<br>Brienner Stra\u00dfe 11<br>80333 Munich<\/p>\n\n\n\n<div style=\"height:25px\" aria-hidden=\"true\" class=\"wp-block-spacer\"><\/div>\n\n\n\n<p>Our website is intended as a source of information about our surgery, the range of treatments that we offer and therapeutic options available to treat various disorders and diseases. Only the data transmitted by your browser to our server is collected when you visit our website. This data is necessary for you to be able to view and navigate our website. The legal basis for the collection of this data is Art. 6 para. 1 lit f of the EU General Data Protection Regulation. More specifically, the following information is collected when you visit our website:<\/p>\n<\/div>\n\n\n\n<div class=\"wp-block-group sitewrapper is-layout-flow wp-block-group-is-layout-flow\">\n<ul class=\"wp-block-list\">\n<li>Browser type and version as well as the browser language<\/li>\n\n\n\n<li>Operating system<\/li>\n\n\n\n<li>Access status\/HTTP status code<\/li>\n\n\n\n<li>Date and time of the request as well as the time zone<\/li>\n\n\n\n<li>Content of the request and the website from which the request originated<\/li>\n\n\n\n<li>Volume of data transmitted<\/li>\n<\/ul>\n\n\n\n<div style=\"height:25px\" aria-hidden=\"true\" class=\"wp-block-spacer\"><\/div>\n\n\n\n<p>This data will be deleted when it is no longer required.<\/p>\n\n\n\n<div style=\"height:25px\" aria-hidden=\"true\" class=\"wp-block-spacer\"><\/div>\n\n\n\n<p><strong><strong>Your rights<\/strong><\/strong><br>You have the following rights regarding your data <strong>stored by us:<\/strong><\/p>\n\n\n\n<div style=\"height:25px\" aria-hidden=\"true\" class=\"wp-block-spacer\"><\/div>\n\n\n\n<ul class=\"wp-block-list\">\n<li>IP address<\/li>\n\n\n\n<li>Right to rectification and deletion<\/li>\n\n\n\n<li>Right to information<\/li>\n\n\n\n<li>Right to restriction of processing<\/li>\n\n\n\n<li>Right to data portability<\/li>\n\n\n\n<li>Right to object to processing<\/li>\n<\/ul>\n\n\n\n<div style=\"height:25px\" aria-hidden=\"true\" class=\"wp-block-spacer\"><\/div>\n\n\n\n<p>You also have the right to lodge a complaint with the Bavarian State Office for Data Protection Supervision.<\/p>\n\n\n\n<div style=\"height:25px\" aria-hidden=\"true\" class=\"wp-block-spacer\"><\/div>\n\n\n\n<p><strong>Cookies<\/strong><br>In addition to this data, our website also uses cookies. Cookies are small text files that are stored on your computer (in your browser) after you have visited our website. When you visit our website again your browser will send the information stored in the cookies to our website which can, for example, make navigation easier because previously saved preferences have been applied. Cookies are not viruses and cannot install malicious software on your computer. They are simply short text files that are exchanged between the web server and browser. Our website uses the following types of cookies:<\/p>\n\n\n\n<div style=\"height:25px\" aria-hidden=\"true\" class=\"wp-block-spacer\"><\/div>\n\n\n\n<ul class=\"wp-block-list\">\n<li>Transiente Cookies (session cookies)<br>These cookies are only stored for the duration of a browser session, i.e. for the period during which you are using your browser. They store a so-called session ID, which is used to assign various requests to a common session. This allows the webpage to recognise your computer when you return. As soon as you close the browser, the session cookies are automatically deleted.<\/li>\n\n\n\n<li>Persistent Cookies<br>These cookies only differ from the transient cookies in that they are not automatically deleted when the browser is closed. Persistent cookies will only be deleted after a pre-set period of time has elapsed. These cookies can also be deleted manually at any time in your browser&#8217;s settings.<\/li>\n<\/ul>\n\n\n\n<div style=\"height:25px\" aria-hidden=\"true\" class=\"wp-block-spacer\"><\/div>\n\n\n\n<p>Generally, you can use your browser&#8217;s settings to either disable cookies altogether, or to allow the setting of only some cookies. Making use of this option may however result in limited functionality of our website.<\/p>\n\n\n\n<div style=\"height:25px\" aria-hidden=\"true\" class=\"wp-block-spacer\"><\/div>\n\n\n\n<p><strong><strong>Contact<\/strong><\/strong><br>When you contact us by email, whether it is to request an appointment or for any other enquiry, the data provided by you (email address, name, telephone number) will be stored so that we are able to answer your questions. The data will be deleted as soon as it is no longer required or once the statutory retention requirements have been met. The data will not be made available to any third parties.<\/p>\n\n\n\n<div style=\"height:25px\" aria-hidden=\"true\" class=\"wp-block-spacer\"><\/div>\n\n\n\n<p><strong>Adobe Typekit<\/strong><br>This website uses Adobe Typekit Web Fonts. Typekit is a service offered by Adobe, which provides fonts that appear in the user&#8217;s web browser after a server call to Adobe (in the USA). Through this process Adobe learns and stores the user&#8217;s browser IP address. For more information, please see Typekit&#8217;s Privacy Policy, which you can view by clicking here: <a target=\"_blank\" href=\"https:\/\/www.adobe.com\/de\/privacy\/policies\/typekit.html\" rel=\"noreferrer noopener\">Typekit Privacy Policy<\/a> The use of Adobe Typekit Web Fonts is necessary to ensure the uniform presentation of our online offering. This constitutes a legitimate interest in accordance with Art. 6 para. 1 lit f GDPR.<\/p>\n\n\n\n<div style=\"height:25px\" aria-hidden=\"true\" class=\"wp-block-spacer\"><\/div>\n\n\n\n<p class=\"sitewrapper\"><strong><br><strong>Consent Tool Real Cookie Banner<\/strong><br><\/strong>To manage the cookies and similar technologies used (tracking pixels, web beacons, etc.) and the related consents, we use the consent tool \u201cReal Cookie Banner.\u201d<\/p>\n\n\n\n<p>Details on how \u201cReal Cookie Banner\u201d works can be found at: https:\/\/devowl.io\/en\/rcb\/data-processing\/.<\/p>\n\n\n\n<p>The legal bases for processing personal data in this context are Art. 6(1)(c) GDPR and Art. 6(1)(f) GDPR. Our legitimate interest is the management of the cookies and similar technologies used and the associated consents.<\/p>\n\n\n\n<p>Providing personal data is neither required by contract nor necessary for the conclusion of a contract. You are not obliged to provide personal data. If you do not provide personal data, we cannot manage your consents.<\/p>\n\n\n\n<p class=\"sitewrapper\">You can change your privacy settings at any time here: <strong><a href=\"https:\/\/www.xn--frauenrztinmnchen-vqb67b.de\/en\/data-protection\/#consent-change\">Change privacy settings<\/a><\/strong><\/p>\n\n\n\n<div style=\"height:25px\" aria-hidden=\"true\" class=\"wp-block-spacer\"><\/div>\n\n\n\n<p><strong>Google Analytics<\/strong><br>This website uses Google Analytics, a web analytics service provided by Google Inc. Google uses cookies. As a rule, the information generated by cookies relating to the use of this website is transmitted to a Google server in the USA, where it is then stored.<br>Google uses this information on our behalf to evaluate the use of our website and to provide further services related to website and internet usage.<br>WWe have extended the Google Analytics code with the &#8220;anonymizeIP&#8221; function. This means that Google will truncate your IP address within the Member States of the European Union or other contracting states in the European Economic Area Agreement. Only in exceptional cases will the full IP address be sent to a Google server in the USA and truncated there. The &#8220;anonymizeIP&#8221; function truncates the last 8 bits of a user&#8217;s IP address. By using this function, only the user&#8217;s approximate location can be identified. The IP address sent by the user&#8217;s browser will not be merged or associated with other data held by Google.<br>You may refuse the use of cookies by selecting the appropriate settings in your browser. However, you may not be able to use the full functionality of this website if you do so.<br>In addition, you can prevent the collection of data generated by cookies and relating to your use of this website by Google and to the resulting processing of this data by Google by downloading and installing the following browser plug-in: <a href=\"https:\/\/tools.google.com\/dlpage\/gaoptout?hl=en\">https:\/\/tools.google.com\/dlpage\/gaoptout?hl=en<\/a>. You can also set an opt-out cookie which will prevent the future collection of your data when visiting this website. Click <a href=\"javascript:gaOptout()\"><strong><u>here<\/u><\/strong><\/a> to set the opt-out cookie: <a href=\"javascript:gaOptout()\"><strong>Disable Google Analytics.<\/strong><\/a><\/p>\n\n\n\n<div style=\"height:25px\" aria-hidden=\"true\" class=\"wp-block-spacer\"><\/div>\n\n\n\n<div style=\"height:25px\" aria-hidden=\"true\" class=\"wp-block-spacer\"><\/div>\n<\/div>\n\n\n\n<div style=\"height:9px\" aria-hidden=\"true\" class=\"wp-block-spacer\"><\/div>\n","protected":false},"excerpt":{"rendered":"<p>Data Protection Policy: Information about the collection of personal data on our website Dear visitor to our website, We would like to inform you that personal data is collected during visits to our website. The terms personal data includes all data that relates to you personally (e.g. name, email address, user behaviour). The person responsible&hellip; <a class=\"more-link\" href=\"https:\/\/www.xn--frauenrztinmnchen-vqb67b.de\/en\/data-protection\/\">Continue reading <span class=\"screen-reader-text\">Data Protection Policy:<\/span><\/a><\/p>\n","protected":false},"author":1,"featured_media":0,"parent":0,"menu_order":0,"comment_status":"closed","ping_status":"closed","template":"templates\/template-teamseite.php","meta":{"_acf_changed":false,"footnotes":""},"class_list":["post-3430","page","type-page","status-publish","hentry","entry"],"acf":[],"featured_image_src":null,"yoast_head":"<!-- This site is optimized with the Yoast SEO plugin v27.3 - https:\/\/yoast.com\/product\/yoast-seo-wordpress\/ -->\n<title>Frauenarzt M\u00fcnchen | Dr. Gabriele Anker Frauen\u00e4rztin \u2013 Team<\/title>\n<meta name=\"description\" content=\"Frauenarzt M\u00fcnchen Innenstadt Frauen\u00e4rztin Dr. med. Gabriele Anker MPH und Team. Ihre Frauenarztpraxis in M\u00fcnchen und Gyn\u00e4kologin f\u00fcr Schwangerschaftsbetreuung Empf\u00e4ngnisverh\u00fctung und gyn\u00e4kologische Leistungen.\" \/>\n<meta name=\"robots\" content=\"noindex, nofollow\" \/>\n<meta property=\"og:locale\" content=\"en_US\" \/>\n<meta property=\"og:type\" content=\"article\" \/>\n<meta property=\"og:title\" content=\"Frauenarzt M\u00fcnchen | Dr. Gabriele Anker Frauen\u00e4rztin \u2013 Team\" \/>\n<meta property=\"og:description\" content=\"Frauenarzt M\u00fcnchen Innenstadt Frauen\u00e4rztin Dr. med. Gabriele Anker MPH und Team. Ihre Frauenarztpraxis in M\u00fcnchen und Gyn\u00e4kologin f\u00fcr Schwangerschaftsbetreuung Empf\u00e4ngnisverh\u00fctung und gyn\u00e4kologische Leistungen.\" \/>\n<meta property=\"og:url\" content=\"https:\/\/www.xn--frauenrztinmnchen-vqb67b.de\/en\/data-protection\/\" \/>\n<meta property=\"og:site_name\" content=\"Frauen\u00e4rztin M\u00fcnchen | Dr. Gabriele Anker\" \/>\n<meta property=\"article:modified_time\" content=\"2025-12-08T16:41:39+00:00\" \/>\n<meta name=\"twitter:card\" content=\"summary_large_image\" \/>\n<meta name=\"twitter:label1\" content=\"Est. reading time\" \/>\n\t<meta name=\"twitter:data1\" content=\"7 minutes\" \/>\n<script type=\"application\/ld+json\" class=\"yoast-schema-graph\">{\"@context\":\"https:\\\/\\\/schema.org\",\"@graph\":[{\"@type\":\"WebPage\",\"@id\":\"https:\\\/\\\/www.xn--frauenrztinmnchen-vqb67b.de\\\/en\\\/data-protection\\\/\",\"url\":\"https:\\\/\\\/www.xn--frauenrztinmnchen-vqb67b.de\\\/en\\\/data-protection\\\/\",\"name\":\"Frauenarzt M\u00fcnchen | Dr. Gabriele Anker Frauen\u00e4rztin \u2013 Team\",\"isPartOf\":{\"@id\":\"https:\\\/\\\/www.xn--frauenrztinmnchen-vqb67b.de\\\/en\\\/#website\"},\"datePublished\":\"2021-08-07T09:29:09+00:00\",\"dateModified\":\"2025-12-08T16:41:39+00:00\",\"description\":\"Frauenarzt M\u00fcnchen Innenstadt Frauen\u00e4rztin Dr. med. Gabriele Anker MPH und Team. Ihre Frauenarztpraxis in M\u00fcnchen und Gyn\u00e4kologin f\u00fcr Schwangerschaftsbetreuung Empf\u00e4ngnisverh\u00fctung und gyn\u00e4kologische Leistungen.\",\"inLanguage\":\"en-US\",\"potentialAction\":[{\"@type\":\"ReadAction\",\"target\":[\"https:\\\/\\\/www.xn--frauenrztinmnchen-vqb67b.de\\\/en\\\/data-protection\\\/\"]}]},{\"@type\":\"WebSite\",\"@id\":\"https:\\\/\\\/www.xn--frauenrztinmnchen-vqb67b.de\\\/en\\\/#website\",\"url\":\"https:\\\/\\\/www.xn--frauenrztinmnchen-vqb67b.de\\\/en\\\/\",\"name\":\"Frauen\u00e4rztin M\u00fcnchen | Dr. Gabriele Anker\",\"description\":\"Gynecological practice in Munich\",\"publisher\":{\"@id\":\"https:\\\/\\\/www.xn--frauenrztinmnchen-vqb67b.de\\\/en\\\/#organization\"},\"potentialAction\":[{\"@type\":\"SearchAction\",\"target\":{\"@type\":\"EntryPoint\",\"urlTemplate\":\"https:\\\/\\\/www.xn--frauenrztinmnchen-vqb67b.de\\\/en\\\/?s={search_term_string}\"},\"query-input\":{\"@type\":\"PropertyValueSpecification\",\"valueRequired\":true,\"valueName\":\"search_term_string\"}}],\"inLanguage\":\"en-US\"},{\"@type\":\"Organization\",\"@id\":\"https:\\\/\\\/www.xn--frauenrztinmnchen-vqb67b.de\\\/en\\\/#organization\",\"name\":\"Frauen\u00e4rztin M\u00fcnchen | Dr. Gabriele Anker\",\"url\":\"https:\\\/\\\/www.xn--frauenrztinmnchen-vqb67b.de\\\/en\\\/\",\"logo\":{\"@type\":\"ImageObject\",\"inLanguage\":\"en-US\",\"@id\":\"https:\\\/\\\/www.xn--frauenrztinmnchen-vqb67b.de\\\/en\\\/#\\\/schema\\\/logo\\\/image\\\/\",\"url\":\"https:\\\/\\\/www.xn--frauenrztinmnchen-vqb67b.de\\\/wp-content\\\/uploads\\\/2021\\\/09\\\/Logo-Dr-Gabriele-Anker.jpg\",\"contentUrl\":\"https:\\\/\\\/www.xn--frauenrztinmnchen-vqb67b.de\\\/wp-content\\\/uploads\\\/2021\\\/09\\\/Logo-Dr-Gabriele-Anker.jpg\",\"width\":755,\"height\":296,\"caption\":\"Frauen\u00e4rztin M\u00fcnchen | Dr. Gabriele Anker\"},\"image\":{\"@id\":\"https:\\\/\\\/www.xn--frauenrztinmnchen-vqb67b.de\\\/en\\\/#\\\/schema\\\/logo\\\/image\\\/\"}}]}<\/script>\n<!-- \/ Yoast SEO plugin. -->","yoast_head_json":{"title":"Frauenarzt M\u00fcnchen | Dr. Gabriele Anker Frauen\u00e4rztin \u2013 Team","description":"Frauenarzt M\u00fcnchen Innenstadt Frauen\u00e4rztin Dr. med. Gabriele Anker MPH und Team. Ihre Frauenarztpraxis in M\u00fcnchen und Gyn\u00e4kologin f\u00fcr Schwangerschaftsbetreuung Empf\u00e4ngnisverh\u00fctung und gyn\u00e4kologische Leistungen.","robots":{"index":"noindex","follow":"nofollow"},"og_locale":"en_US","og_type":"article","og_title":"Frauenarzt M\u00fcnchen | Dr. Gabriele Anker Frauen\u00e4rztin \u2013 Team","og_description":"Frauenarzt M\u00fcnchen Innenstadt Frauen\u00e4rztin Dr. med. Gabriele Anker MPH und Team. Ihre Frauenarztpraxis in M\u00fcnchen und Gyn\u00e4kologin f\u00fcr Schwangerschaftsbetreuung Empf\u00e4ngnisverh\u00fctung und gyn\u00e4kologische Leistungen.","og_url":"https:\/\/www.xn--frauenrztinmnchen-vqb67b.de\/en\/data-protection\/","og_site_name":"Frauen\u00e4rztin M\u00fcnchen | Dr. Gabriele Anker","article_modified_time":"2025-12-08T16:41:39+00:00","twitter_card":"summary_large_image","twitter_misc":{"Est. reading time":"7 minutes"},"schema":{"@context":"https:\/\/schema.org","@graph":[{"@type":"WebPage","@id":"https:\/\/www.xn--frauenrztinmnchen-vqb67b.de\/en\/data-protection\/","url":"https:\/\/www.xn--frauenrztinmnchen-vqb67b.de\/en\/data-protection\/","name":"Frauenarzt M\u00fcnchen | Dr. Gabriele Anker Frauen\u00e4rztin \u2013 Team","isPartOf":{"@id":"https:\/\/www.xn--frauenrztinmnchen-vqb67b.de\/en\/#website"},"datePublished":"2021-08-07T09:29:09+00:00","dateModified":"2025-12-08T16:41:39+00:00","description":"Frauenarzt M\u00fcnchen Innenstadt Frauen\u00e4rztin Dr. med. Gabriele Anker MPH und Team. Ihre Frauenarztpraxis in M\u00fcnchen und Gyn\u00e4kologin f\u00fcr Schwangerschaftsbetreuung Empf\u00e4ngnisverh\u00fctung und gyn\u00e4kologische Leistungen.","inLanguage":"en-US","potentialAction":[{"@type":"ReadAction","target":["https:\/\/www.xn--frauenrztinmnchen-vqb67b.de\/en\/data-protection\/"]}]},{"@type":"WebSite","@id":"https:\/\/www.xn--frauenrztinmnchen-vqb67b.de\/en\/#website","url":"https:\/\/www.xn--frauenrztinmnchen-vqb67b.de\/en\/","name":"Frauen\u00e4rztin M\u00fcnchen | Dr. Gabriele Anker","description":"Gynecological practice in Munich","publisher":{"@id":"https:\/\/www.xn--frauenrztinmnchen-vqb67b.de\/en\/#organization"},"potentialAction":[{"@type":"SearchAction","target":{"@type":"EntryPoint","urlTemplate":"https:\/\/www.xn--frauenrztinmnchen-vqb67b.de\/en\/?s={search_term_string}"},"query-input":{"@type":"PropertyValueSpecification","valueRequired":true,"valueName":"search_term_string"}}],"inLanguage":"en-US"},{"@type":"Organization","@id":"https:\/\/www.xn--frauenrztinmnchen-vqb67b.de\/en\/#organization","name":"Frauen\u00e4rztin M\u00fcnchen | Dr. Gabriele Anker","url":"https:\/\/www.xn--frauenrztinmnchen-vqb67b.de\/en\/","logo":{"@type":"ImageObject","inLanguage":"en-US","@id":"https:\/\/www.xn--frauenrztinmnchen-vqb67b.de\/en\/#\/schema\/logo\/image\/","url":"https:\/\/www.xn--frauenrztinmnchen-vqb67b.de\/wp-content\/uploads\/2021\/09\/Logo-Dr-Gabriele-Anker.jpg","contentUrl":"https:\/\/www.xn--frauenrztinmnchen-vqb67b.de\/wp-content\/uploads\/2021\/09\/Logo-Dr-Gabriele-Anker.jpg","width":755,"height":296,"caption":"Frauen\u00e4rztin M\u00fcnchen | Dr. Gabriele Anker"},"image":{"@id":"https:\/\/www.xn--frauenrztinmnchen-vqb67b.de\/en\/#\/schema\/logo\/image\/"}}]}},"_links":{"self":[{"href":"https:\/\/www.xn--frauenrztinmnchen-vqb67b.de\/en\/wp-json\/wp\/v2\/pages\/3430","targetHints":{"allow":["GET"]}}],"collection":[{"href":"https:\/\/www.xn--frauenrztinmnchen-vqb67b.de\/en\/wp-json\/wp\/v2\/pages"}],"about":[{"href":"https:\/\/www.xn--frauenrztinmnchen-vqb67b.de\/en\/wp-json\/wp\/v2\/types\/page"}],"author":[{"embeddable":true,"href":"https:\/\/www.xn--frauenrztinmnchen-vqb67b.de\/en\/wp-json\/wp\/v2\/users\/1"}],"replies":[{"embeddable":true,"href":"https:\/\/www.xn--frauenrztinmnchen-vqb67b.de\/en\/wp-json\/wp\/v2\/comments?post=3430"}],"version-history":[{"count":7,"href":"https:\/\/www.xn--frauenrztinmnchen-vqb67b.de\/en\/wp-json\/wp\/v2\/pages\/3430\/revisions"}],"predecessor-version":[{"id":6225,"href":"https:\/\/www.xn--frauenrztinmnchen-vqb67b.de\/en\/wp-json\/wp\/v2\/pages\/3430\/revisions\/6225"}],"wp:attachment":[{"href":"https:\/\/www.xn--frauenrztinmnchen-vqb67b.de\/en\/wp-json\/wp\/v2\/media?parent=3430"}],"curies":[{"name":"wp","href":"https:\/\/api.w.org\/{rel}","templated":true}]}}