{"id":3423,"date":"2021-08-06T16:00:17","date_gmt":"2021-08-06T16:00:17","guid":{"rendered":"https:\/\/www.xn--frauenrztinmnchen-vqb67b.de\/informationen-zu-corona\/"},"modified":"2021-09-03T13:47:52","modified_gmt":"2021-09-03T13:47:52","slug":"information-about-corona","status":"publish","type":"page","link":"https:\/\/www.xn--frauenrztinmnchen-vqb67b.de\/en\/information-about-corona\/","title":{"rendered":"CORONA-PANDEMIE &#8211; Current information"},"content":{"rendered":"\n<h1 class=\"wp-block-heading\">CORONA-PANDEMIE \u2013 <em>Current information<\/em><\/h1>\n\n\n\n<p>Dear patients, During the current Corona pandemic, the practice continues to operate. We are taking a number of infection control measures (e.g., there is an air filtration system in every room) to protect you and especially elderly patients and pregnant patients, but also not least our staff. Against the background of the current situation, we would like to ask you to observe the following things before visiting the practice:<\/p>\n\n\n\n<p>When visiting our practice, please do not bring any companions at this time. We know there are appointments where your partner would like to accompany you. In such cases, we ask you to consult with us in advance.<\/p>\n\n\n\n<p>You can keep your appointment as before. However, in case of fever and cold symptoms, please consult with us by phone beforehand.<\/p>\n\n\n\n<p>For any reasonable suspicion of coronavirus infection, please call the following hotline 428284000 or physician call 116117 and do not go to the doctor&#8217;s office.<\/p>\n\n\n\n<p>Current information can be found on the following websites below.<\/p>\n\n\n\n<p>For your support and understanding, thank you very much. Stay healthy!<\/p>\n\n\n\n<p>Gabriele Anker<\/p>\n\n\n\n<p><a target=\"_blank\" href=\"https:\/\/www.rki.de\" rel=\"noreferrer noopener\">www.rki.de<\/a><br><a target=\"_blank\" href=\"https:\/\/www.bundesgesundheitsministerium.de\/Coronavirus.html\" rel=\"noreferrer noopener\">https:\/\/www.bundesgesundheitsministerium.de\/Coronavirus.html<\/a><br><a target=\"_blank\" href=\"https:\/\/www.infektionsschutz.de\/cv\/\" rel=\"noreferrer noopener\">www.infektionsschutz.de\/cv\/<\/a><br><a target=\"_blank\" href=\"https:\/\/www.infektionsschutz.de\/Hygienetipps\/\" rel=\"noreferrer noopener\">www.infektionsschutz.de\/Hygienetipps\/<\/a><br><a target=\"_blank\" href=\"https:\/\/www.dggg.de\/fileadmin\/documents\/Weitere_Nachrichten\/2020\/20200320_GBCOG_FAQ_Corona.pdf\" rel=\"noreferrer noopener\">Coronavirus \u2013 FAQ f\u00fcr schwangere Frauen und ihre Familien (Bitte verlinken mit dem PDF Dokument vom DGGG)<\/a><\/p>\n\n\n\n<p><strong>Currently, there is no evidence that pregnant women are at greater risk from the novel coronavirus than the general population.<\/strong><\/p>\n\n\n\n<p>Here you will find information on coronavirus for pregnant women.<br>The information has been published by t<a href=\"https:\/\/www.bvf.de\/\">he German Association of Gynecologists (BVF)<\/a> and the German Society for Gynecology and Obstetrics. (BVF) and the <a href=\"https:\/\/www.dggg.de\/\">German Society for Gynecology and Obstetrics e. V. (Die GGG)<\/a> united it German Bord in the <a href=\"https:\/\/www.dggg.de\/ueber-die-dggg\/organe-der-dggg\/gbcog\/\">German Board and College of Obstetrics and Gynecology (GBCOG)<\/a> on specific risks of covid 19 virus infection.<\/p>\n\n\n\n<p><a href=\"https:\/\/www.dgho.de\/covid-19\">Corona virus information for cancer patients (DGHO)<\/a><\/p>\n\n\n\n<div style=\"height:9px\" aria-hidden=\"true\" class=\"wp-block-spacer\"><\/div>\n","protected":false},"excerpt":{"rendered":"<p>CORONA-PANDEMIE \u2013 Current information Dear patients, During the current Corona pandemic, the practice continues to operate. We are taking a number of infection control measures (e.g., there is an air filtration system in every room) to protect you and especially elderly patients and pregnant patients, but also not least our staff. Against the background of&hellip; <a class=\"more-link\" href=\"https:\/\/www.xn--frauenrztinmnchen-vqb67b.de\/en\/information-about-corona\/\">Continue reading <span class=\"screen-reader-text\">CORONA-PANDEMIE &#8211; Current information<\/span><\/a><\/p>\n","protected":false},"author":1,"featured_media":0,"parent":0,"menu_order":0,"comment_status":"closed","ping_status":"closed","template":"templates\/template-teamseite.php","meta":{"_acf_changed":false,"footnotes":""},"class_list":["post-3423","page","type-page","status-publish","hentry","entry"],"acf":[],"featured_image_src":null,"yoast_head":"<!-- This site is optimized with the Yoast SEO plugin v27.3 - https:\/\/yoast.com\/product\/yoast-seo-wordpress\/ -->\n<title>Frauenarzt M\u00fcnchen | Dr. Gabriele Anker Frauen\u00e4rztin \u2013 Team<\/title>\n<meta name=\"description\" content=\"Frauenarzt M\u00fcnchen Innenstadt Frauen\u00e4rztin Dr. med. Gabriele Anker MPH und Team. Ihre Frauenarztpraxis in M\u00fcnchen und Gyn\u00e4kologin f\u00fcr Schwangerschaftsbetreuung Empf\u00e4ngnisverh\u00fctung und gyn\u00e4kologische Leistungen.\" \/>\n<meta name=\"robots\" content=\"index, follow, max-snippet:-1, max-image-preview:large, max-video-preview:-1\" \/>\n<link rel=\"canonical\" href=\"https:\/\/www.xn--frauenrztinmnchen-vqb67b.de\/en\/information-about-corona\/\" \/>\n<meta property=\"og:locale\" content=\"en_US\" \/>\n<meta property=\"og:type\" content=\"article\" \/>\n<meta property=\"og:title\" content=\"Frauenarzt M\u00fcnchen | Dr. Gabriele Anker Frauen\u00e4rztin \u2013 Team\" \/>\n<meta property=\"og:description\" content=\"Frauenarzt M\u00fcnchen Innenstadt Frauen\u00e4rztin Dr. med. Gabriele Anker MPH und Team. Ihre Frauenarztpraxis in M\u00fcnchen und Gyn\u00e4kologin f\u00fcr Schwangerschaftsbetreuung Empf\u00e4ngnisverh\u00fctung und gyn\u00e4kologische Leistungen.\" \/>\n<meta property=\"og:url\" content=\"https:\/\/www.xn--frauenrztinmnchen-vqb67b.de\/en\/information-about-corona\/\" \/>\n<meta property=\"og:site_name\" content=\"Frauen\u00e4rztin M\u00fcnchen | Dr. Gabriele Anker\" \/>\n<meta property=\"article:modified_time\" content=\"2021-09-03T13:47:52+00:00\" \/>\n<meta name=\"twitter:card\" content=\"summary_large_image\" \/>\n<meta name=\"twitter:label1\" content=\"Est. reading time\" \/>\n\t<meta name=\"twitter:data1\" content=\"2 minutes\" \/>\n<script type=\"application\/ld+json\" class=\"yoast-schema-graph\">{\"@context\":\"https:\\\/\\\/schema.org\",\"@graph\":[{\"@type\":\"WebPage\",\"@id\":\"https:\\\/\\\/www.xn--frauenrztinmnchen-vqb67b.de\\\/en\\\/information-about-corona\\\/\",\"url\":\"https:\\\/\\\/www.xn--frauenrztinmnchen-vqb67b.de\\\/en\\\/information-about-corona\\\/\",\"name\":\"Frauenarzt M\u00fcnchen | Dr. Gabriele Anker Frauen\u00e4rztin \u2013 Team\",\"isPartOf\":{\"@id\":\"https:\\\/\\\/www.xn--frauenrztinmnchen-vqb67b.de\\\/en\\\/#website\"},\"datePublished\":\"2021-08-06T16:00:17+00:00\",\"dateModified\":\"2021-09-03T13:47:52+00:00\",\"description\":\"Frauenarzt M\u00fcnchen Innenstadt Frauen\u00e4rztin Dr. med. Gabriele Anker MPH und Team. Ihre Frauenarztpraxis in M\u00fcnchen und Gyn\u00e4kologin f\u00fcr Schwangerschaftsbetreuung Empf\u00e4ngnisverh\u00fctung und gyn\u00e4kologische Leistungen.\",\"inLanguage\":\"en-US\",\"potentialAction\":[{\"@type\":\"ReadAction\",\"target\":[\"https:\\\/\\\/www.xn--frauenrztinmnchen-vqb67b.de\\\/en\\\/information-about-corona\\\/\"]}]},{\"@type\":\"WebSite\",\"@id\":\"https:\\\/\\\/www.xn--frauenrztinmnchen-vqb67b.de\\\/en\\\/#website\",\"url\":\"https:\\\/\\\/www.xn--frauenrztinmnchen-vqb67b.de\\\/en\\\/\",\"name\":\"Frauen\u00e4rztin M\u00fcnchen | Dr. Gabriele Anker\",\"description\":\"Gynecological practice in Munich\",\"publisher\":{\"@id\":\"https:\\\/\\\/www.xn--frauenrztinmnchen-vqb67b.de\\\/en\\\/#organization\"},\"potentialAction\":[{\"@type\":\"SearchAction\",\"target\":{\"@type\":\"EntryPoint\",\"urlTemplate\":\"https:\\\/\\\/www.xn--frauenrztinmnchen-vqb67b.de\\\/en\\\/?s={search_term_string}\"},\"query-input\":{\"@type\":\"PropertyValueSpecification\",\"valueRequired\":true,\"valueName\":\"search_term_string\"}}],\"inLanguage\":\"en-US\"},{\"@type\":\"Organization\",\"@id\":\"https:\\\/\\\/www.xn--frauenrztinmnchen-vqb67b.de\\\/en\\\/#organization\",\"name\":\"Frauen\u00e4rztin M\u00fcnchen | Dr. Gabriele Anker\",\"url\":\"https:\\\/\\\/www.xn--frauenrztinmnchen-vqb67b.de\\\/en\\\/\",\"logo\":{\"@type\":\"ImageObject\",\"inLanguage\":\"en-US\",\"@id\":\"https:\\\/\\\/www.xn--frauenrztinmnchen-vqb67b.de\\\/en\\\/#\\\/schema\\\/logo\\\/image\\\/\",\"url\":\"https:\\\/\\\/www.xn--frauenrztinmnchen-vqb67b.de\\\/wp-content\\\/uploads\\\/2021\\\/09\\\/Logo-Dr-Gabriele-Anker.jpg\",\"contentUrl\":\"https:\\\/\\\/www.xn--frauenrztinmnchen-vqb67b.de\\\/wp-content\\\/uploads\\\/2021\\\/09\\\/Logo-Dr-Gabriele-Anker.jpg\",\"width\":755,\"height\":296,\"caption\":\"Frauen\u00e4rztin M\u00fcnchen | Dr. Gabriele Anker\"},\"image\":{\"@id\":\"https:\\\/\\\/www.xn--frauenrztinmnchen-vqb67b.de\\\/en\\\/#\\\/schema\\\/logo\\\/image\\\/\"}}]}<\/script>\n<!-- \/ Yoast SEO plugin. -->","yoast_head_json":{"title":"Frauenarzt M\u00fcnchen | Dr. Gabriele Anker Frauen\u00e4rztin \u2013 Team","description":"Frauenarzt M\u00fcnchen Innenstadt Frauen\u00e4rztin Dr. med. Gabriele Anker MPH und Team. Ihre Frauenarztpraxis in M\u00fcnchen und Gyn\u00e4kologin f\u00fcr Schwangerschaftsbetreuung Empf\u00e4ngnisverh\u00fctung und gyn\u00e4kologische Leistungen.","robots":{"index":"index","follow":"follow","max-snippet":"max-snippet:-1","max-image-preview":"max-image-preview:large","max-video-preview":"max-video-preview:-1"},"canonical":"https:\/\/www.xn--frauenrztinmnchen-vqb67b.de\/en\/information-about-corona\/","og_locale":"en_US","og_type":"article","og_title":"Frauenarzt M\u00fcnchen | Dr. Gabriele Anker Frauen\u00e4rztin \u2013 Team","og_description":"Frauenarzt M\u00fcnchen Innenstadt Frauen\u00e4rztin Dr. med. Gabriele Anker MPH und Team. Ihre Frauenarztpraxis in M\u00fcnchen und Gyn\u00e4kologin f\u00fcr Schwangerschaftsbetreuung Empf\u00e4ngnisverh\u00fctung und gyn\u00e4kologische Leistungen.","og_url":"https:\/\/www.xn--frauenrztinmnchen-vqb67b.de\/en\/information-about-corona\/","og_site_name":"Frauen\u00e4rztin M\u00fcnchen | Dr. Gabriele Anker","article_modified_time":"2021-09-03T13:47:52+00:00","twitter_card":"summary_large_image","twitter_misc":{"Est. reading time":"2 minutes"},"schema":{"@context":"https:\/\/schema.org","@graph":[{"@type":"WebPage","@id":"https:\/\/www.xn--frauenrztinmnchen-vqb67b.de\/en\/information-about-corona\/","url":"https:\/\/www.xn--frauenrztinmnchen-vqb67b.de\/en\/information-about-corona\/","name":"Frauenarzt M\u00fcnchen | Dr. Gabriele Anker Frauen\u00e4rztin \u2013 Team","isPartOf":{"@id":"https:\/\/www.xn--frauenrztinmnchen-vqb67b.de\/en\/#website"},"datePublished":"2021-08-06T16:00:17+00:00","dateModified":"2021-09-03T13:47:52+00:00","description":"Frauenarzt M\u00fcnchen Innenstadt Frauen\u00e4rztin Dr. med. Gabriele Anker MPH und Team. Ihre Frauenarztpraxis in M\u00fcnchen und Gyn\u00e4kologin f\u00fcr Schwangerschaftsbetreuung Empf\u00e4ngnisverh\u00fctung und gyn\u00e4kologische Leistungen.","inLanguage":"en-US","potentialAction":[{"@type":"ReadAction","target":["https:\/\/www.xn--frauenrztinmnchen-vqb67b.de\/en\/information-about-corona\/"]}]},{"@type":"WebSite","@id":"https:\/\/www.xn--frauenrztinmnchen-vqb67b.de\/en\/#website","url":"https:\/\/www.xn--frauenrztinmnchen-vqb67b.de\/en\/","name":"Frauen\u00e4rztin M\u00fcnchen | Dr. Gabriele Anker","description":"Gynecological practice in Munich","publisher":{"@id":"https:\/\/www.xn--frauenrztinmnchen-vqb67b.de\/en\/#organization"},"potentialAction":[{"@type":"SearchAction","target":{"@type":"EntryPoint","urlTemplate":"https:\/\/www.xn--frauenrztinmnchen-vqb67b.de\/en\/?s={search_term_string}"},"query-input":{"@type":"PropertyValueSpecification","valueRequired":true,"valueName":"search_term_string"}}],"inLanguage":"en-US"},{"@type":"Organization","@id":"https:\/\/www.xn--frauenrztinmnchen-vqb67b.de\/en\/#organization","name":"Frauen\u00e4rztin M\u00fcnchen | Dr. Gabriele Anker","url":"https:\/\/www.xn--frauenrztinmnchen-vqb67b.de\/en\/","logo":{"@type":"ImageObject","inLanguage":"en-US","@id":"https:\/\/www.xn--frauenrztinmnchen-vqb67b.de\/en\/#\/schema\/logo\/image\/","url":"https:\/\/www.xn--frauenrztinmnchen-vqb67b.de\/wp-content\/uploads\/2021\/09\/Logo-Dr-Gabriele-Anker.jpg","contentUrl":"https:\/\/www.xn--frauenrztinmnchen-vqb67b.de\/wp-content\/uploads\/2021\/09\/Logo-Dr-Gabriele-Anker.jpg","width":755,"height":296,"caption":"Frauen\u00e4rztin M\u00fcnchen | Dr. Gabriele Anker"},"image":{"@id":"https:\/\/www.xn--frauenrztinmnchen-vqb67b.de\/en\/#\/schema\/logo\/image\/"}}]}},"_links":{"self":[{"href":"https:\/\/www.xn--frauenrztinmnchen-vqb67b.de\/en\/wp-json\/wp\/v2\/pages\/3423","targetHints":{"allow":["GET"]}}],"collection":[{"href":"https:\/\/www.xn--frauenrztinmnchen-vqb67b.de\/en\/wp-json\/wp\/v2\/pages"}],"about":[{"href":"https:\/\/www.xn--frauenrztinmnchen-vqb67b.de\/en\/wp-json\/wp\/v2\/types\/page"}],"author":[{"embeddable":true,"href":"https:\/\/www.xn--frauenrztinmnchen-vqb67b.de\/en\/wp-json\/wp\/v2\/users\/1"}],"replies":[{"embeddable":true,"href":"https:\/\/www.xn--frauenrztinmnchen-vqb67b.de\/en\/wp-json\/wp\/v2\/comments?post=3423"}],"version-history":[{"count":3,"href":"https:\/\/www.xn--frauenrztinmnchen-vqb67b.de\/en\/wp-json\/wp\/v2\/pages\/3423\/revisions"}],"predecessor-version":[{"id":4083,"href":"https:\/\/www.xn--frauenrztinmnchen-vqb67b.de\/en\/wp-json\/wp\/v2\/pages\/3423\/revisions\/4083"}],"wp:attachment":[{"href":"https:\/\/www.xn--frauenrztinmnchen-vqb67b.de\/en\/wp-json\/wp\/v2\/media?parent=3423"}],"curies":[{"name":"wp","href":"https:\/\/api.w.org\/{rel}","templated":true}]}}