{"id":3421,"date":"2021-08-22T17:43:53","date_gmt":"2021-08-22T17:43:53","guid":{"rendered":"https:\/\/www.xn--frauenrztinmnchen-vqb67b.de\/blasenkrebstest-muenchen\/"},"modified":"2021-09-01T14:41:09","modified_gmt":"2021-09-01T14:41:09","slug":"bladder-cancer-test-munich","status":"publish","type":"page","link":"https:\/\/www.xn--frauenrztinmnchen-vqb67b.de\/en\/bladder-cancer-test-munich\/","title":{"rendered":"Bladder cancer test<br\/><span class=\"downlight\">Munich<\/span>"},"content":{"rendered":"\n<p>The risk of developing bladder cancer increases from the age of 40 and peaks between the ages of 60 and 70.<\/p>\n\n\n\n<h2 class=\"wp-block-heading\">Your gynecologist for bladder cancer test in Munich<\/h2>\n\n\n\n<p>For early detection of bladder cancer, we offer a test for a tumor marker (NMP22) that can be reliably detected in the urine of bladder cancer patients. Malignant diseases can be detected at an early stage by the painless urine test in 80 percent of cases.<\/p>\n\n\n\n<div class=\"wp-block-buttons is-content-justification-right is-layout-flex wp-block-buttons-is-layout-flex\">\n<div class=\"wp-block-button mybut butleft\"><a class=\"wp-block-button__link\" href=\"https:\/\/www.xn--frauenrztinmnchen-vqb67b.de\/en\/gynecological-services-munich\/\" rel=\"https:\/\/www.xn--frauenrztinmnchen-vqb67b.de\/schwangerschaft-betreuung-beratung-muenchen\/\">BACK<\/a><\/div>\n<\/div>\n","protected":false},"excerpt":{"rendered":"<p>The risk of developing bladder cancer increases from the age of 40 and peaks between the ages of 60 and 70. Your gynecologist for bladder cancer test in Munich For early detection of bladder cancer, we offer a test for a tumor marker (NMP22) that can be reliably detected in the urine of bladder cancer&hellip; <a class=\"more-link\" href=\"https:\/\/www.xn--frauenrztinmnchen-vqb67b.de\/en\/bladder-cancer-test-munich\/\">Continue reading <span class=\"screen-reader-text\">Bladder cancer test<br \/><span class=\"downlight\">Munich<\/span><\/span><\/a><\/p>\n","protected":false},"author":1,"featured_media":3417,"parent":0,"menu_order":0,"comment_status":"closed","ping_status":"closed","template":"templates\/template-einzelleistung.php","meta":{"_acf_changed":false,"footnotes":""},"class_list":["post-3421","page","type-page","status-publish","has-post-thumbnail","hentry","entry"],"acf":[],"featured_image_src":"https:\/\/www.xn--frauenrztinmnchen-vqb67b.de\/wp-content\/uploads\/2021\/07\/schwangerschaft-frauenaerztin-muenchen-scaled.jpg","yoast_head":"<!-- This site is optimized with the Yoast SEO plugin v27.3 - https:\/\/yoast.com\/product\/yoast-seo-wordpress\/ -->\n<title>Blasenkrebstest M\u00fcnchen | Dr. Anker Frauen\u00e4rztin<\/title>\n<meta name=\"description\" content=\"Blasenkrebstest M\u00fcnchen. Ihre Frauenarztpraxis f\u00fcr gyn\u00e4kologische Untersuchungen. Frauen\u00e4rztin Dr. med. Gabriele Anker f\u00fcr die Fr\u00fcherkennung eines Blasenkarzinoms.\" \/>\n<meta name=\"robots\" content=\"index, follow, max-snippet:-1, max-image-preview:large, max-video-preview:-1\" \/>\n<link rel=\"canonical\" href=\"https:\/\/www.xn--frauenrztinmnchen-vqb67b.de\/en\/bladder-cancer-test-munich\/\" \/>\n<meta property=\"og:locale\" content=\"en_US\" \/>\n<meta property=\"og:type\" content=\"article\" \/>\n<meta property=\"og:title\" content=\"Blasenkrebstest M\u00fcnchen | Dr. Anker Frauen\u00e4rztin\" \/>\n<meta property=\"og:description\" content=\"Blasenkrebstest M\u00fcnchen. Ihre Frauenarztpraxis f\u00fcr gyn\u00e4kologische Untersuchungen. Frauen\u00e4rztin Dr. med. Gabriele Anker f\u00fcr die Fr\u00fcherkennung eines Blasenkarzinoms.\" \/>\n<meta property=\"og:url\" content=\"https:\/\/www.xn--frauenrztinmnchen-vqb67b.de\/en\/bladder-cancer-test-munich\/\" \/>\n<meta property=\"og:site_name\" content=\"Frauen\u00e4rztin M\u00fcnchen | Dr. Gabriele Anker\" \/>\n<meta property=\"article:modified_time\" content=\"2021-09-01T14:41:09+00:00\" \/>\n<meta property=\"og:image\" content=\"https:\/\/www.xn--frauenrztinmnchen-vqb67b.de\/wp-content\/uploads\/2021\/07\/schwangerschaft-frauenaerztin-muenchen-scaled.jpg\" \/>\n\t<meta property=\"og:image:width\" content=\"2560\" \/>\n\t<meta property=\"og:image:height\" content=\"424\" \/>\n\t<meta property=\"og:image:type\" content=\"image\/jpeg\" \/>\n<meta name=\"twitter:card\" content=\"summary_large_image\" \/>\n<meta name=\"twitter:label1\" content=\"Est. reading time\" \/>\n\t<meta name=\"twitter:data1\" content=\"1 minute\" \/>\n<script type=\"application\/ld+json\" class=\"yoast-schema-graph\">{\"@context\":\"https:\\\/\\\/schema.org\",\"@graph\":[{\"@type\":\"WebPage\",\"@id\":\"https:\\\/\\\/www.xn--frauenrztinmnchen-vqb67b.de\\\/en\\\/bladder-cancer-test-munich\\\/\",\"url\":\"https:\\\/\\\/www.xn--frauenrztinmnchen-vqb67b.de\\\/en\\\/bladder-cancer-test-munich\\\/\",\"name\":\"Blasenkrebstest M\u00fcnchen | Dr. Anker Frauen\u00e4rztin\",\"isPartOf\":{\"@id\":\"https:\\\/\\\/www.xn--frauenrztinmnchen-vqb67b.de\\\/en\\\/#website\"},\"primaryImageOfPage\":{\"@id\":\"https:\\\/\\\/www.xn--frauenrztinmnchen-vqb67b.de\\\/en\\\/bladder-cancer-test-munich\\\/#primaryimage\"},\"image\":{\"@id\":\"https:\\\/\\\/www.xn--frauenrztinmnchen-vqb67b.de\\\/en\\\/bladder-cancer-test-munich\\\/#primaryimage\"},\"thumbnailUrl\":\"https:\\\/\\\/www.xn--frauenrztinmnchen-vqb67b.de\\\/wp-content\\\/uploads\\\/2021\\\/07\\\/schwangerschaft-frauenaerztin-muenchen-scaled.jpg\",\"datePublished\":\"2021-08-22T17:43:53+00:00\",\"dateModified\":\"2021-09-01T14:41:09+00:00\",\"description\":\"Blasenkrebstest M\u00fcnchen. Ihre Frauenarztpraxis f\u00fcr gyn\u00e4kologische Untersuchungen. Frauen\u00e4rztin Dr. med. Gabriele Anker f\u00fcr die Fr\u00fcherkennung eines Blasenkarzinoms.\",\"inLanguage\":\"en-US\",\"potentialAction\":[{\"@type\":\"ReadAction\",\"target\":[\"https:\\\/\\\/www.xn--frauenrztinmnchen-vqb67b.de\\\/en\\\/bladder-cancer-test-munich\\\/\"]}]},{\"@type\":\"ImageObject\",\"inLanguage\":\"en-US\",\"@id\":\"https:\\\/\\\/www.xn--frauenrztinmnchen-vqb67b.de\\\/en\\\/bladder-cancer-test-munich\\\/#primaryimage\",\"url\":\"https:\\\/\\\/www.xn--frauenrztinmnchen-vqb67b.de\\\/wp-content\\\/uploads\\\/2021\\\/07\\\/schwangerschaft-frauenaerztin-muenchen-scaled.jpg\",\"contentUrl\":\"https:\\\/\\\/www.xn--frauenrztinmnchen-vqb67b.de\\\/wp-content\\\/uploads\\\/2021\\\/07\\\/schwangerschaft-frauenaerztin-muenchen-scaled.jpg\",\"width\":2560,\"height\":424},{\"@type\":\"WebSite\",\"@id\":\"https:\\\/\\\/www.xn--frauenrztinmnchen-vqb67b.de\\\/en\\\/#website\",\"url\":\"https:\\\/\\\/www.xn--frauenrztinmnchen-vqb67b.de\\\/en\\\/\",\"name\":\"Frauen\u00e4rztin M\u00fcnchen | Dr. Gabriele Anker\",\"description\":\"Gynecological practice in Munich\",\"publisher\":{\"@id\":\"https:\\\/\\\/www.xn--frauenrztinmnchen-vqb67b.de\\\/en\\\/#organization\"},\"potentialAction\":[{\"@type\":\"SearchAction\",\"target\":{\"@type\":\"EntryPoint\",\"urlTemplate\":\"https:\\\/\\\/www.xn--frauenrztinmnchen-vqb67b.de\\\/en\\\/?s={search_term_string}\"},\"query-input\":{\"@type\":\"PropertyValueSpecification\",\"valueRequired\":true,\"valueName\":\"search_term_string\"}}],\"inLanguage\":\"en-US\"},{\"@type\":\"Organization\",\"@id\":\"https:\\\/\\\/www.xn--frauenrztinmnchen-vqb67b.de\\\/en\\\/#organization\",\"name\":\"Frauen\u00e4rztin M\u00fcnchen | Dr. Gabriele Anker\",\"url\":\"https:\\\/\\\/www.xn--frauenrztinmnchen-vqb67b.de\\\/en\\\/\",\"logo\":{\"@type\":\"ImageObject\",\"inLanguage\":\"en-US\",\"@id\":\"https:\\\/\\\/www.xn--frauenrztinmnchen-vqb67b.de\\\/en\\\/#\\\/schema\\\/logo\\\/image\\\/\",\"url\":\"https:\\\/\\\/www.xn--frauenrztinmnchen-vqb67b.de\\\/wp-content\\\/uploads\\\/2021\\\/09\\\/Logo-Dr-Gabriele-Anker.jpg\",\"contentUrl\":\"https:\\\/\\\/www.xn--frauenrztinmnchen-vqb67b.de\\\/wp-content\\\/uploads\\\/2021\\\/09\\\/Logo-Dr-Gabriele-Anker.jpg\",\"width\":755,\"height\":296,\"caption\":\"Frauen\u00e4rztin M\u00fcnchen | Dr. Gabriele Anker\"},\"image\":{\"@id\":\"https:\\\/\\\/www.xn--frauenrztinmnchen-vqb67b.de\\\/en\\\/#\\\/schema\\\/logo\\\/image\\\/\"}}]}<\/script>\n<!-- \/ Yoast SEO plugin. -->","yoast_head_json":{"title":"Blasenkrebstest M\u00fcnchen | Dr. Anker Frauen\u00e4rztin","description":"Blasenkrebstest M\u00fcnchen. Ihre Frauenarztpraxis f\u00fcr gyn\u00e4kologische Untersuchungen. Frauen\u00e4rztin Dr. med. Gabriele Anker f\u00fcr die Fr\u00fcherkennung eines Blasenkarzinoms.","robots":{"index":"index","follow":"follow","max-snippet":"max-snippet:-1","max-image-preview":"max-image-preview:large","max-video-preview":"max-video-preview:-1"},"canonical":"https:\/\/www.xn--frauenrztinmnchen-vqb67b.de\/en\/bladder-cancer-test-munich\/","og_locale":"en_US","og_type":"article","og_title":"Blasenkrebstest M\u00fcnchen | Dr. Anker Frauen\u00e4rztin","og_description":"Blasenkrebstest M\u00fcnchen. Ihre Frauenarztpraxis f\u00fcr gyn\u00e4kologische Untersuchungen. Frauen\u00e4rztin Dr. med. Gabriele Anker f\u00fcr die Fr\u00fcherkennung eines Blasenkarzinoms.","og_url":"https:\/\/www.xn--frauenrztinmnchen-vqb67b.de\/en\/bladder-cancer-test-munich\/","og_site_name":"Frauen\u00e4rztin M\u00fcnchen | Dr. Gabriele Anker","article_modified_time":"2021-09-01T14:41:09+00:00","og_image":[{"width":2560,"height":424,"url":"https:\/\/www.xn--frauenrztinmnchen-vqb67b.de\/wp-content\/uploads\/2021\/07\/schwangerschaft-frauenaerztin-muenchen-scaled.jpg","type":"image\/jpeg"}],"twitter_card":"summary_large_image","twitter_misc":{"Est. reading time":"1 minute"},"schema":{"@context":"https:\/\/schema.org","@graph":[{"@type":"WebPage","@id":"https:\/\/www.xn--frauenrztinmnchen-vqb67b.de\/en\/bladder-cancer-test-munich\/","url":"https:\/\/www.xn--frauenrztinmnchen-vqb67b.de\/en\/bladder-cancer-test-munich\/","name":"Blasenkrebstest M\u00fcnchen | Dr. Anker Frauen\u00e4rztin","isPartOf":{"@id":"https:\/\/www.xn--frauenrztinmnchen-vqb67b.de\/en\/#website"},"primaryImageOfPage":{"@id":"https:\/\/www.xn--frauenrztinmnchen-vqb67b.de\/en\/bladder-cancer-test-munich\/#primaryimage"},"image":{"@id":"https:\/\/www.xn--frauenrztinmnchen-vqb67b.de\/en\/bladder-cancer-test-munich\/#primaryimage"},"thumbnailUrl":"https:\/\/www.xn--frauenrztinmnchen-vqb67b.de\/wp-content\/uploads\/2021\/07\/schwangerschaft-frauenaerztin-muenchen-scaled.jpg","datePublished":"2021-08-22T17:43:53+00:00","dateModified":"2021-09-01T14:41:09+00:00","description":"Blasenkrebstest M\u00fcnchen. Ihre Frauenarztpraxis f\u00fcr gyn\u00e4kologische Untersuchungen. Frauen\u00e4rztin Dr. med. Gabriele Anker f\u00fcr die Fr\u00fcherkennung eines Blasenkarzinoms.","inLanguage":"en-US","potentialAction":[{"@type":"ReadAction","target":["https:\/\/www.xn--frauenrztinmnchen-vqb67b.de\/en\/bladder-cancer-test-munich\/"]}]},{"@type":"ImageObject","inLanguage":"en-US","@id":"https:\/\/www.xn--frauenrztinmnchen-vqb67b.de\/en\/bladder-cancer-test-munich\/#primaryimage","url":"https:\/\/www.xn--frauenrztinmnchen-vqb67b.de\/wp-content\/uploads\/2021\/07\/schwangerschaft-frauenaerztin-muenchen-scaled.jpg","contentUrl":"https:\/\/www.xn--frauenrztinmnchen-vqb67b.de\/wp-content\/uploads\/2021\/07\/schwangerschaft-frauenaerztin-muenchen-scaled.jpg","width":2560,"height":424},{"@type":"WebSite","@id":"https:\/\/www.xn--frauenrztinmnchen-vqb67b.de\/en\/#website","url":"https:\/\/www.xn--frauenrztinmnchen-vqb67b.de\/en\/","name":"Frauen\u00e4rztin M\u00fcnchen | Dr. Gabriele Anker","description":"Gynecological practice in Munich","publisher":{"@id":"https:\/\/www.xn--frauenrztinmnchen-vqb67b.de\/en\/#organization"},"potentialAction":[{"@type":"SearchAction","target":{"@type":"EntryPoint","urlTemplate":"https:\/\/www.xn--frauenrztinmnchen-vqb67b.de\/en\/?s={search_term_string}"},"query-input":{"@type":"PropertyValueSpecification","valueRequired":true,"valueName":"search_term_string"}}],"inLanguage":"en-US"},{"@type":"Organization","@id":"https:\/\/www.xn--frauenrztinmnchen-vqb67b.de\/en\/#organization","name":"Frauen\u00e4rztin M\u00fcnchen | Dr. Gabriele Anker","url":"https:\/\/www.xn--frauenrztinmnchen-vqb67b.de\/en\/","logo":{"@type":"ImageObject","inLanguage":"en-US","@id":"https:\/\/www.xn--frauenrztinmnchen-vqb67b.de\/en\/#\/schema\/logo\/image\/","url":"https:\/\/www.xn--frauenrztinmnchen-vqb67b.de\/wp-content\/uploads\/2021\/09\/Logo-Dr-Gabriele-Anker.jpg","contentUrl":"https:\/\/www.xn--frauenrztinmnchen-vqb67b.de\/wp-content\/uploads\/2021\/09\/Logo-Dr-Gabriele-Anker.jpg","width":755,"height":296,"caption":"Frauen\u00e4rztin M\u00fcnchen | Dr. Gabriele Anker"},"image":{"@id":"https:\/\/www.xn--frauenrztinmnchen-vqb67b.de\/en\/#\/schema\/logo\/image\/"}}]}},"_links":{"self":[{"href":"https:\/\/www.xn--frauenrztinmnchen-vqb67b.de\/en\/wp-json\/wp\/v2\/pages\/3421","targetHints":{"allow":["GET"]}}],"collection":[{"href":"https:\/\/www.xn--frauenrztinmnchen-vqb67b.de\/en\/wp-json\/wp\/v2\/pages"}],"about":[{"href":"https:\/\/www.xn--frauenrztinmnchen-vqb67b.de\/en\/wp-json\/wp\/v2\/types\/page"}],"author":[{"embeddable":true,"href":"https:\/\/www.xn--frauenrztinmnchen-vqb67b.de\/en\/wp-json\/wp\/v2\/users\/1"}],"replies":[{"embeddable":true,"href":"https:\/\/www.xn--frauenrztinmnchen-vqb67b.de\/en\/wp-json\/wp\/v2\/comments?post=3421"}],"version-history":[{"count":4,"href":"https:\/\/www.xn--frauenrztinmnchen-vqb67b.de\/en\/wp-json\/wp\/v2\/pages\/3421\/revisions"}],"predecessor-version":[{"id":3968,"href":"https:\/\/www.xn--frauenrztinmnchen-vqb67b.de\/en\/wp-json\/wp\/v2\/pages\/3421\/revisions\/3968"}],"wp:featuredmedia":[{"embeddable":true,"href":"https:\/\/www.xn--frauenrztinmnchen-vqb67b.de\/en\/wp-json\/wp\/v2\/media\/3417"}],"wp:attachment":[{"href":"https:\/\/www.xn--frauenrztinmnchen-vqb67b.de\/en\/wp-json\/wp\/v2\/media?parent=3421"}],"curies":[{"name":"wp","href":"https:\/\/api.w.org\/{rel}","templated":true}]}}