{"id":3413,"date":"2021-08-03T18:33:36","date_gmt":"2021-08-03T18:33:36","guid":{"rendered":"https:\/\/www.xn--frauenrztinmnchen-vqb67b.de\/osteopathie-muenchen-physiotherapie\/"},"modified":"2021-09-01T15:52:34","modified_gmt":"2021-09-01T15:52:34","slug":"osteopathy-munich-physiotherapy","status":"publish","type":"page","link":"https:\/\/www.xn--frauenrztinmnchen-vqb67b.de\/en\/osteopathy-munich-physiotherapy\/","title":{"rendered":"<div class=\"siteup\">Physiotherapy &#038; Osteopathy Munich<\/div>"},"content":{"rendered":"\n<p class=\"sitewrapper\">Dear patients,<\/p>\n\n\n\n<p class=\"sitewrapper\">I am very happy to be at your side on Wednesdays here in the gynecological practice of Dr. med. Anker for the following<br>following areas:<\/p>\n\n\n\n<div class=\"wp-block-columns sitewrapper is-layout-flex wp-container-core-columns-is-layout-9d6595d7 wp-block-columns-is-layout-flex\">\n<div class=\"wp-block-column is-layout-flow wp-block-column-is-layout-flow\">\n<div class=\"wp-block-buttons is-layout-flex wp-block-buttons-is-layout-flex\">\n<div class=\"wp-block-button has-custom-width wp-block-button__width-100 ostebut\"><a class=\"wp-block-button__link has-light-green-background-color has-background\">Physiotherapy<\/a><\/div>\n<\/div>\n<\/div>\n\n\n\n<div class=\"wp-block-column is-layout-flow wp-block-column-is-layout-flow\">\n<div class=\"wp-block-buttons is-layout-flex wp-block-buttons-is-layout-flex\">\n<div class=\"wp-block-button has-custom-width wp-block-button__width-100 ostebut\"><a class=\"wp-block-button__link has-light-green-background-color has-background\">Nutritional therapy<\/a><\/div>\n<\/div>\n<\/div>\n\n\n\n<div class=\"wp-block-column is-layout-flow wp-block-column-is-layout-flow\">\n<div class=\"wp-block-buttons is-layout-flex wp-block-buttons-is-layout-flex\">\n<div class=\"wp-block-button has-custom-width wp-block-button__width-100 ostebut\"><a class=\"wp-block-button__link has-light-green-background-color has-background\">Osteopathy<\/a><\/div>\n<\/div>\n<\/div>\n\n\n\n<div class=\"wp-block-column is-layout-flow wp-block-column-is-layout-flow\">\n<div class=\"wp-block-buttons is-layout-flex wp-block-buttons-is-layout-flex\">\n<div class=\"wp-block-button has-custom-width wp-block-button__width-100 ostebut\"><a class=\"wp-block-button__link has-light-green-background-color has-background\">Personal training<\/a><\/div>\n<\/div>\n<\/div>\n<\/div>\n\n\n\n<p class=\"sitewrapper\">Yours Natalie Kuleschova<\/p>\n\n\n\n<h3 class=\"sitewrapper downshort wp-block-heading\">Qualifications<\/h3>\n\n\n\n<ul class=\"sitewrapper listleistung wp-block-list\"><li>Naturopath<\/li><li>5 year training at the International Academy of Osteopathy (IAO)<\/li><li>State-approved physiotherapist<\/li><li>Nutrition therapist<\/li><li>Personal trainer<\/li><\/ul>\n\n\n\n<div style=\"height:1px\" aria-hidden=\"true\" class=\"wp-block-spacer\"><\/div>\n\n\n\n<div style=\"height:50px\" aria-hidden=\"true\" class=\"wp-block-spacer\"><\/div>\n\n\n\n<div class=\"wp-block-columns is-layout-flex wp-container-core-columns-is-layout-9d6595d7 wp-block-columns-is-layout-flex\">\n<div class=\"wp-block-column spalt is-layout-flow wp-block-column-is-layout-flow\">\n<figure class=\"wp-block-image size-full bil osti\"><img loading=\"lazy\" decoding=\"async\" width=\"1680\" height=\"1102\" src=\"https:\/\/www.xn--frauenrztinmnchen-vqb67b.de\/wp-content\/uploads\/2021\/08\/gynaekologische-leistungen-frauenarzt-muenchen.jpg\" alt=\"\" class=\"wp-image-2455\"\/><\/figure>\n<\/div>\n\n\n\n<div class=\"wp-block-column biltext is-layout-flow wp-block-column-is-layout-flow\">\n<h2 class=\"wp-block-heading\">Osteopathy \u2013 how does it work?<\/h2>\n\n\n\n<p>In order to detect the imbalance that is responsible for the complaints, the osteopath uses only his hands. The aim is always to find out the specific cause of the complaints.<\/p>\n\n\n\n<p>Ziel ist es dabei immer, die konkrete Ursache der Beschwerden herauszufinden.<br>Das hei\u00dft, es geht nicht prim\u00e4r <\/p>\n\n\n\n<p>This means that the primary goal is not to eliminate the symptoms (e.g., pain), but to<br>but to bring the body back into balance.<\/p>\n\n\n\n<p>Ist dies geschehen, reguliert und Once this has happened, the body regulates and heals itself according to the osteopathic view, whereby the complaints also diminish or even disappear completely.<\/p>\n<\/div>\n<\/div>\n\n\n\n<h3 class=\"siteup downshort wp-block-heading\">Osteopathy can be used for, among other things:<\/h3>\n\n\n\n<ul class=\"sitewrapper listleistung wp-block-list\"><li>Disorders of the musculoskeletal system: joint problems of all kinds, lumbago,<\/li><li>Sciatica, whiplash, sprains, injuries<\/li><li>Internal disorders: digestive problems, heartburn,<\/li><li>Consequences of operations (scars, adhesions), functional heart problems<\/li><li>Ear, nose and throat disorders: headaches, sinusitis, chronic middle ear<\/li><li>Inflammation of the middle ear, tonsillitis, tinnitus, temporomandibular joint problems<\/li><li>Urogenital disorders: menstrual cramps, pregnancy, childbirth preparation,<\/li><li>Menopausal problems<\/li><li>Childhood disorders: cranial and facial deformities, kiss syndrome, scoliosis, hip dysplasia,<\/li><li>Developmental delays, learning and concentration disorders, attention deficit syndrome, disabilities<\/li><li>Disorders of the skin<\/li><li>Respiratory therapy<\/li><\/ul>\n\n\n\n<p class=\"sitewrapper\">Osteopathy treats the body as a whole. Therefore, the osteopathic treatment of women with gynecological complaints and gynecological complaints as well as the accompaniment during and after pregnancy plays a major role.<br>Especially also in the treatment of the abdominal organs, the pelvic organs must not be neglected.<\/p>\n\n\n\n<div style=\"height:50px\" aria-hidden=\"true\" class=\"wp-block-spacer\"><\/div>\n\n\n\n<div class=\"wp-block-columns spalt is-layout-flex wp-container-core-columns-is-layout-9d6595d7 wp-block-columns-is-layout-flex\">\n<div class=\"wp-block-column spalt biltext is-layout-flow wp-block-column-is-layout-flow\">\n<h2 class=\"wp-block-heading\">Costs<\/h2>\n\n\n\n<p>One treatment costs between 75-140 \u20ac.<br>If the costs are not reimbursed by your health insurance, the amount must be paid independently. As a non-medical practitioner, I can bill most private insurance companies according to their fee regulations. However, not all insurance companies reimburse 100% of the treatment price.<\/p>\n\n\n\n<p>Reliable scheduling is very important to me in the interest of all patients. Therefore, I ask you to cancel appointments that you cannot keep at least 24 hours in advance. Otherwise, I reserve the right to charge you privately for the unkept appointment. I ask for your understanding for this measure.<\/p>\n<\/div>\n\n\n\n<div class=\"wp-block-column is-layout-flow wp-block-column-is-layout-flow\">\n<figure class=\"wp-block-image size-full bil\"><img loading=\"lazy\" decoding=\"async\" width=\"1680\" height=\"1102\" src=\"https:\/\/www.xn--frauenrztinmnchen-vqb67b.de\/wp-content\/uploads\/2021\/08\/osteopathie-physiotherapie-muenchen.jpg\" alt=\"\" class=\"wp-image-2510\"\/><\/figure>\n<\/div>\n<\/div>\n\n\n\n<p class=\"siteup\">You still have questions, a request or want an appointment? Please feel free to call me or send me an email.<\/p>\n\n\n\n<p class=\"sitewrapper grunfett\">Phone: 004915146539999<br>E-Mail: Fit-go@hotmail.de<\/p>\n\n\n\n<p class=\"sitewrapper\">Until then, I wish you all the best and remain with kind regards,<br><br>Yours<br>Natalie Kuleschova<\/p>\n\n\n\n<p class=\"sitewrapper grey\">*Frau Natalie Kuleshova ist ausschlie\u00dflich selbstst\u00e4ndig t\u00e4tig. Es besteht ein eigenst\u00e4ndiges Betreuungsverh\u00e4ltnis.<br>Die Abrechnung erfolgt direkt durch Frau Kuleshova mit Ihnen beziehungsweise mit Ihrer Krankenkasse.<\/p>\n","protected":false},"excerpt":{"rendered":"<p>Dear patients, I am very happy to be at your side on Wednesdays here in the gynecological practice of Dr. med. Anker for the followingfollowing areas: Yours Natalie Kuleschova Qualifications Naturopath 5 year training at the International Academy of Osteopathy (IAO) State-approved physiotherapist Nutrition therapist Personal trainer Osteopathy \u2013 how does it work? In order&hellip; <a class=\"more-link\" href=\"https:\/\/www.xn--frauenrztinmnchen-vqb67b.de\/en\/osteopathy-munich-physiotherapy\/\">Continue reading <span class=\"screen-reader-text\"><\/p>\n<div class=\"siteup\">Physiotherapy &#038; Osteopathy Munich<\/div>\n<p><\/span><\/a><\/p>\n","protected":false},"author":1,"featured_media":3414,"parent":0,"menu_order":0,"comment_status":"closed","ping_status":"open","template":"templates\/template-osteopathie.php","meta":{"_acf_changed":false,"footnotes":""},"class_list":["post-3413","page","type-page","status-publish","has-post-thumbnail","hentry","entry"],"acf":[],"featured_image_src":"https:\/\/www.xn--frauenrztinmnchen-vqb67b.de\/wp-content\/uploads\/2021\/08\/osteopathie-physiotherapie-muenchen-zentrum-scaled.jpg","yoast_head":"<!-- This site is optimized with the Yoast SEO plugin v27.3 - https:\/\/yoast.com\/product\/yoast-seo-wordpress\/ -->\n<title>Osteopathy Munich | Physiotherapy Gynecologist Munich<\/title>\n<meta name=\"description\" content=\"Osteopathy Munich and physiotherapy with gynecologist Dr. med. Gabriele Anker MPH with osteopaths in Munich center also for nutrition counseling and personal training.\" \/>\n<meta name=\"robots\" content=\"index, follow, max-snippet:-1, max-image-preview:large, max-video-preview:-1\" \/>\n<link rel=\"canonical\" href=\"https:\/\/www.xn--frauenrztinmnchen-vqb67b.de\/en\/osteopathy-munich-physiotherapy\/\" \/>\n<meta property=\"og:locale\" content=\"en_US\" \/>\n<meta property=\"og:type\" content=\"article\" \/>\n<meta property=\"og:title\" content=\"Osteopathy Munich | Physiotherapy Gynecologist Munich\" \/>\n<meta property=\"og:description\" content=\"Osteopathy Munich and physiotherapy with gynecologist Dr. med. Gabriele Anker MPH with osteopaths in Munich center also for nutrition counseling and personal training.\" \/>\n<meta property=\"og:url\" content=\"https:\/\/www.xn--frauenrztinmnchen-vqb67b.de\/en\/osteopathy-munich-physiotherapy\/\" \/>\n<meta property=\"og:site_name\" content=\"Frauen\u00e4rztin M\u00fcnchen | Dr. Gabriele Anker\" \/>\n<meta property=\"article:modified_time\" content=\"2021-09-01T15:52:34+00:00\" \/>\n<meta property=\"og:image\" content=\"https:\/\/www.xn--frauenrztinmnchen-vqb67b.de\/wp-content\/uploads\/2021\/08\/osteopathie-physiotherapie-muenchen-zentrum-scaled.jpg\" \/>\n\t<meta property=\"og:image:width\" content=\"2560\" \/>\n\t<meta property=\"og:image:height\" content=\"887\" \/>\n\t<meta property=\"og:image:type\" content=\"image\/jpeg\" \/>\n<meta name=\"twitter:card\" content=\"summary_large_image\" \/>\n<meta name=\"twitter:label1\" content=\"Est. reading time\" \/>\n\t<meta name=\"twitter:data1\" content=\"3 minutes\" \/>\n<script type=\"application\/ld+json\" class=\"yoast-schema-graph\">{\"@context\":\"https:\\\/\\\/schema.org\",\"@graph\":[{\"@type\":\"WebPage\",\"@id\":\"https:\\\/\\\/www.xn--frauenrztinmnchen-vqb67b.de\\\/en\\\/osteopathy-munich-physiotherapy\\\/\",\"url\":\"https:\\\/\\\/www.xn--frauenrztinmnchen-vqb67b.de\\\/en\\\/osteopathy-munich-physiotherapy\\\/\",\"name\":\"Osteopathy Munich | Physiotherapy Gynecologist Munich\",\"isPartOf\":{\"@id\":\"https:\\\/\\\/www.xn--frauenrztinmnchen-vqb67b.de\\\/en\\\/#website\"},\"primaryImageOfPage\":{\"@id\":\"https:\\\/\\\/www.xn--frauenrztinmnchen-vqb67b.de\\\/en\\\/osteopathy-munich-physiotherapy\\\/#primaryimage\"},\"image\":{\"@id\":\"https:\\\/\\\/www.xn--frauenrztinmnchen-vqb67b.de\\\/en\\\/osteopathy-munich-physiotherapy\\\/#primaryimage\"},\"thumbnailUrl\":\"https:\\\/\\\/www.xn--frauenrztinmnchen-vqb67b.de\\\/wp-content\\\/uploads\\\/2021\\\/08\\\/osteopathie-physiotherapie-muenchen-zentrum-scaled.jpg\",\"datePublished\":\"2021-08-03T18:33:36+00:00\",\"dateModified\":\"2021-09-01T15:52:34+00:00\",\"description\":\"Osteopathy Munich and physiotherapy with gynecologist Dr. med. Gabriele Anker MPH with osteopaths in Munich center also for nutrition counseling and personal training.\",\"inLanguage\":\"en-US\",\"potentialAction\":[{\"@type\":\"ReadAction\",\"target\":[\"https:\\\/\\\/www.xn--frauenrztinmnchen-vqb67b.de\\\/en\\\/osteopathy-munich-physiotherapy\\\/\"]}]},{\"@type\":\"ImageObject\",\"inLanguage\":\"en-US\",\"@id\":\"https:\\\/\\\/www.xn--frauenrztinmnchen-vqb67b.de\\\/en\\\/osteopathy-munich-physiotherapy\\\/#primaryimage\",\"url\":\"https:\\\/\\\/www.xn--frauenrztinmnchen-vqb67b.de\\\/wp-content\\\/uploads\\\/2021\\\/08\\\/osteopathie-physiotherapie-muenchen-zentrum-scaled.jpg\",\"contentUrl\":\"https:\\\/\\\/www.xn--frauenrztinmnchen-vqb67b.de\\\/wp-content\\\/uploads\\\/2021\\\/08\\\/osteopathie-physiotherapie-muenchen-zentrum-scaled.jpg\",\"width\":2560,\"height\":887},{\"@type\":\"WebSite\",\"@id\":\"https:\\\/\\\/www.xn--frauenrztinmnchen-vqb67b.de\\\/en\\\/#website\",\"url\":\"https:\\\/\\\/www.xn--frauenrztinmnchen-vqb67b.de\\\/en\\\/\",\"name\":\"Frauen\u00e4rztin M\u00fcnchen | Dr. Gabriele Anker\",\"description\":\"Gynecological practice in Munich\",\"publisher\":{\"@id\":\"https:\\\/\\\/www.xn--frauenrztinmnchen-vqb67b.de\\\/en\\\/#organization\"},\"potentialAction\":[{\"@type\":\"SearchAction\",\"target\":{\"@type\":\"EntryPoint\",\"urlTemplate\":\"https:\\\/\\\/www.xn--frauenrztinmnchen-vqb67b.de\\\/en\\\/?s={search_term_string}\"},\"query-input\":{\"@type\":\"PropertyValueSpecification\",\"valueRequired\":true,\"valueName\":\"search_term_string\"}}],\"inLanguage\":\"en-US\"},{\"@type\":\"Organization\",\"@id\":\"https:\\\/\\\/www.xn--frauenrztinmnchen-vqb67b.de\\\/en\\\/#organization\",\"name\":\"Frauen\u00e4rztin M\u00fcnchen | Dr. Gabriele Anker\",\"url\":\"https:\\\/\\\/www.xn--frauenrztinmnchen-vqb67b.de\\\/en\\\/\",\"logo\":{\"@type\":\"ImageObject\",\"inLanguage\":\"en-US\",\"@id\":\"https:\\\/\\\/www.xn--frauenrztinmnchen-vqb67b.de\\\/en\\\/#\\\/schema\\\/logo\\\/image\\\/\",\"url\":\"https:\\\/\\\/www.xn--frauenrztinmnchen-vqb67b.de\\\/wp-content\\\/uploads\\\/2021\\\/09\\\/Logo-Dr-Gabriele-Anker.jpg\",\"contentUrl\":\"https:\\\/\\\/www.xn--frauenrztinmnchen-vqb67b.de\\\/wp-content\\\/uploads\\\/2021\\\/09\\\/Logo-Dr-Gabriele-Anker.jpg\",\"width\":755,\"height\":296,\"caption\":\"Frauen\u00e4rztin M\u00fcnchen | Dr. Gabriele Anker\"},\"image\":{\"@id\":\"https:\\\/\\\/www.xn--frauenrztinmnchen-vqb67b.de\\\/en\\\/#\\\/schema\\\/logo\\\/image\\\/\"}}]}<\/script>\n<!-- \/ Yoast SEO plugin. -->","yoast_head_json":{"title":"Osteopathy Munich | Physiotherapy Gynecologist Munich","description":"Osteopathy Munich and physiotherapy with gynecologist Dr. med. Gabriele Anker MPH with osteopaths in Munich center also for nutrition counseling and personal training.","robots":{"index":"index","follow":"follow","max-snippet":"max-snippet:-1","max-image-preview":"max-image-preview:large","max-video-preview":"max-video-preview:-1"},"canonical":"https:\/\/www.xn--frauenrztinmnchen-vqb67b.de\/en\/osteopathy-munich-physiotherapy\/","og_locale":"en_US","og_type":"article","og_title":"Osteopathy Munich | Physiotherapy Gynecologist Munich","og_description":"Osteopathy Munich and physiotherapy with gynecologist Dr. med. Gabriele Anker MPH with osteopaths in Munich center also for nutrition counseling and personal training.","og_url":"https:\/\/www.xn--frauenrztinmnchen-vqb67b.de\/en\/osteopathy-munich-physiotherapy\/","og_site_name":"Frauen\u00e4rztin M\u00fcnchen | Dr. Gabriele Anker","article_modified_time":"2021-09-01T15:52:34+00:00","og_image":[{"width":2560,"height":887,"url":"https:\/\/www.xn--frauenrztinmnchen-vqb67b.de\/wp-content\/uploads\/2021\/08\/osteopathie-physiotherapie-muenchen-zentrum-scaled.jpg","type":"image\/jpeg"}],"twitter_card":"summary_large_image","twitter_misc":{"Est. reading time":"3 minutes"},"schema":{"@context":"https:\/\/schema.org","@graph":[{"@type":"WebPage","@id":"https:\/\/www.xn--frauenrztinmnchen-vqb67b.de\/en\/osteopathy-munich-physiotherapy\/","url":"https:\/\/www.xn--frauenrztinmnchen-vqb67b.de\/en\/osteopathy-munich-physiotherapy\/","name":"Osteopathy Munich | Physiotherapy Gynecologist Munich","isPartOf":{"@id":"https:\/\/www.xn--frauenrztinmnchen-vqb67b.de\/en\/#website"},"primaryImageOfPage":{"@id":"https:\/\/www.xn--frauenrztinmnchen-vqb67b.de\/en\/osteopathy-munich-physiotherapy\/#primaryimage"},"image":{"@id":"https:\/\/www.xn--frauenrztinmnchen-vqb67b.de\/en\/osteopathy-munich-physiotherapy\/#primaryimage"},"thumbnailUrl":"https:\/\/www.xn--frauenrztinmnchen-vqb67b.de\/wp-content\/uploads\/2021\/08\/osteopathie-physiotherapie-muenchen-zentrum-scaled.jpg","datePublished":"2021-08-03T18:33:36+00:00","dateModified":"2021-09-01T15:52:34+00:00","description":"Osteopathy Munich and physiotherapy with gynecologist Dr. med. Gabriele Anker MPH with osteopaths in Munich center also for nutrition counseling and personal training.","inLanguage":"en-US","potentialAction":[{"@type":"ReadAction","target":["https:\/\/www.xn--frauenrztinmnchen-vqb67b.de\/en\/osteopathy-munich-physiotherapy\/"]}]},{"@type":"ImageObject","inLanguage":"en-US","@id":"https:\/\/www.xn--frauenrztinmnchen-vqb67b.de\/en\/osteopathy-munich-physiotherapy\/#primaryimage","url":"https:\/\/www.xn--frauenrztinmnchen-vqb67b.de\/wp-content\/uploads\/2021\/08\/osteopathie-physiotherapie-muenchen-zentrum-scaled.jpg","contentUrl":"https:\/\/www.xn--frauenrztinmnchen-vqb67b.de\/wp-content\/uploads\/2021\/08\/osteopathie-physiotherapie-muenchen-zentrum-scaled.jpg","width":2560,"height":887},{"@type":"WebSite","@id":"https:\/\/www.xn--frauenrztinmnchen-vqb67b.de\/en\/#website","url":"https:\/\/www.xn--frauenrztinmnchen-vqb67b.de\/en\/","name":"Frauen\u00e4rztin M\u00fcnchen | Dr. Gabriele Anker","description":"Gynecological practice in Munich","publisher":{"@id":"https:\/\/www.xn--frauenrztinmnchen-vqb67b.de\/en\/#organization"},"potentialAction":[{"@type":"SearchAction","target":{"@type":"EntryPoint","urlTemplate":"https:\/\/www.xn--frauenrztinmnchen-vqb67b.de\/en\/?s={search_term_string}"},"query-input":{"@type":"PropertyValueSpecification","valueRequired":true,"valueName":"search_term_string"}}],"inLanguage":"en-US"},{"@type":"Organization","@id":"https:\/\/www.xn--frauenrztinmnchen-vqb67b.de\/en\/#organization","name":"Frauen\u00e4rztin M\u00fcnchen | Dr. Gabriele Anker","url":"https:\/\/www.xn--frauenrztinmnchen-vqb67b.de\/en\/","logo":{"@type":"ImageObject","inLanguage":"en-US","@id":"https:\/\/www.xn--frauenrztinmnchen-vqb67b.de\/en\/#\/schema\/logo\/image\/","url":"https:\/\/www.xn--frauenrztinmnchen-vqb67b.de\/wp-content\/uploads\/2021\/09\/Logo-Dr-Gabriele-Anker.jpg","contentUrl":"https:\/\/www.xn--frauenrztinmnchen-vqb67b.de\/wp-content\/uploads\/2021\/09\/Logo-Dr-Gabriele-Anker.jpg","width":755,"height":296,"caption":"Frauen\u00e4rztin M\u00fcnchen | Dr. Gabriele Anker"},"image":{"@id":"https:\/\/www.xn--frauenrztinmnchen-vqb67b.de\/en\/#\/schema\/logo\/image\/"}}]}},"_links":{"self":[{"href":"https:\/\/www.xn--frauenrztinmnchen-vqb67b.de\/en\/wp-json\/wp\/v2\/pages\/3413","targetHints":{"allow":["GET"]}}],"collection":[{"href":"https:\/\/www.xn--frauenrztinmnchen-vqb67b.de\/en\/wp-json\/wp\/v2\/pages"}],"about":[{"href":"https:\/\/www.xn--frauenrztinmnchen-vqb67b.de\/en\/wp-json\/wp\/v2\/types\/page"}],"author":[{"embeddable":true,"href":"https:\/\/www.xn--frauenrztinmnchen-vqb67b.de\/en\/wp-json\/wp\/v2\/users\/1"}],"replies":[{"embeddable":true,"href":"https:\/\/www.xn--frauenrztinmnchen-vqb67b.de\/en\/wp-json\/wp\/v2\/comments?post=3413"}],"version-history":[{"count":17,"href":"https:\/\/www.xn--frauenrztinmnchen-vqb67b.de\/en\/wp-json\/wp\/v2\/pages\/3413\/revisions"}],"predecessor-version":[{"id":4079,"href":"https:\/\/www.xn--frauenrztinmnchen-vqb67b.de\/en\/wp-json\/wp\/v2\/pages\/3413\/revisions\/4079"}],"wp:featuredmedia":[{"embeddable":true,"href":"https:\/\/www.xn--frauenrztinmnchen-vqb67b.de\/en\/wp-json\/wp\/v2\/media\/3414"}],"wp:attachment":[{"href":"https:\/\/www.xn--frauenrztinmnchen-vqb67b.de\/en\/wp-json\/wp\/v2\/media?parent=3413"}],"curies":[{"name":"wp","href":"https:\/\/api.w.org\/{rel}","templated":true}]}}